{"id":1270,"date":"2018-09-14T13:04:56","date_gmt":"2018-09-14T10:04:56","guid":{"rendered":"https:\/\/reklaamivabrik.ee\/avaleht\/"},"modified":"2025-01-23T16:47:56","modified_gmt":"2025-01-23T14:47:56","slug":"avaleht","status":"publish","type":"page","link":"https:\/\/reklaamivabrik.ee\/fi\/","title":{"rendered":"Tuotteet"},"content":{"rendered":"<section class=\"l-section wpb_row height_medium services\"><div class=\"l-section-h i-cf\"><div class=\"g-cols vc_row type_default valign_top\"><div class=\"vc_col-sm-12 wpb_column vc_column_container\"><div class=\"vc_column-inner\"><div class=\"wpb_wrapper\"><div class=\"g-cols wpb_row type_default valign_top vc_inner \"><div class=\"vc_col-sm-3 wpb_column vc_column_container\"><div class=\"vc_column-inner\"><div class=\"wpb_wrapper\"><div class=\"w-image align_center meta_simple\"><div class=\"w-image-h\"><a href=\"https:\/\/reklaamivabrik.ee\/fi\/valgustahed-fi\/\" title=\"\" target=\"\" rel=\"\" title=\"Valokirjaimet\"><img loading=\"lazy\" decoding=\"async\" width=\"1024\" height=\"679\" src=\"https:\/\/reklaamivabrik.ee\/wp-content\/uploads\/2019\/05\/valgusta\u0308hed-1024x679-1-1024x679.png\" class=\"attachment-large size-large\" alt=\"\" srcset=\"https:\/\/reklaamivabrik.ee\/wp-content\/uploads\/2019\/05\/valgusta\u0308hed-1024x679-1.png 1024w, https:\/\/reklaamivabrik.ee\/wp-content\/uploads\/2019\/05\/valgusta\u0308hed-1024x679-1-300x199.png 300w, https:\/\/reklaamivabrik.ee\/wp-content\/uploads\/2019\/05\/valgusta\u0308hed-1024x679-1-768x509.png 768w, https:\/\/reklaamivabrik.ee\/wp-content\/uploads\/2019\/05\/valgusta\u0308hed-1024x679-1-900x597.png 900w\" sizes=\"(max-width: 1024px) 100vw, 1024px\" \/><div class=\"w-image-meta\"><div class=\"w-image-title\">Valokirjaimet<\/div><\/div><\/a><\/div><\/div><\/div><\/div><\/div><div class=\"vc_col-sm-3 wpb_column vc_column_container\"><div class=\"vc_column-inner\"><div class=\"wpb_wrapper\"><div class=\"w-image align_center meta_simple\"><div class=\"w-image-h\"><a href=\"https:\/\/reklaamivabrik.ee\/fi\/valguskastid-fi\/\" title=\"\" target=\"\" rel=\"\" title=\"Valolaatikko\"><img loading=\"lazy\" decoding=\"async\" width=\"986\" height=\"654\" src=\"https:\/\/reklaamivabrik.ee\/wp-content\/uploads\/2019\/05\/valguskastid-1.jpg\" class=\"attachment-large size-large\" alt=\"\" srcset=\"https:\/\/reklaamivabrik.ee\/wp-content\/uploads\/2019\/05\/valguskastid-1.jpg 986w, https:\/\/reklaamivabrik.ee\/wp-content\/uploads\/2019\/05\/valguskastid-1-300x199.jpg 300w, https:\/\/reklaamivabrik.ee\/wp-content\/uploads\/2019\/05\/valguskastid-1-768x509.jpg 768w, https:\/\/reklaamivabrik.ee\/wp-content\/uploads\/2019\/05\/valguskastid-1-900x597.jpg 900w\" sizes=\"(max-width: 986px) 100vw, 986px\" \/><div class=\"w-image-meta\"><div class=\"w-image-title\">Valolaatikko<\/div><\/div><\/a><\/div><\/div><\/div><\/div><\/div><div class=\"vc_col-sm-3 wpb_column vc_column_container\"><div class=\"vc_column-inner\"><div class=\"wpb_wrapper\"><div class=\"w-image align_center meta_simple\"><div class=\"w-image-h\"><a href=\"https:\/\/reklaamivabrik.ee\/fi\/reklaampostid-fi\/\" title=\"\" target=\"\" rel=\"\" title=\"Mainospylv\u00e4\u00e4t\"><img loading=\"lazy\" decoding=\"async\" width=\"1024\" height=\"669\" src=\"https:\/\/reklaamivabrik.ee\/wp-content\/uploads\/2019\/05\/reklaam-1024x669.png\" class=\"attachment-large size-large\" alt=\"\" srcset=\"https:\/\/reklaamivabrik.ee\/wp-content\/uploads\/2019\/05\/reklaam.png 1024w, https:\/\/reklaamivabrik.ee\/wp-content\/uploads\/2019\/05\/reklaam-300x196.png 300w, https:\/\/reklaamivabrik.ee\/wp-content\/uploads\/2019\/05\/reklaam-768x502.png 768w, https:\/\/reklaamivabrik.ee\/wp-content\/uploads\/2019\/05\/reklaam-900x588.png 900w\" sizes=\"(max-width: 1024px) 100vw, 1024px\" \/><div class=\"w-image-meta\"><div class=\"w-image-title\">Mainospylv\u00e4\u00e4t<\/div><\/div><\/a><\/div><\/div><\/div><\/div><\/div><div class=\"vc_col-sm-3 wpb_column vc_column_container\"><div class=\"vc_column-inner\"><div class=\"wpb_wrapper\"><div class=\"w-image align_center meta_simple\"><div class=\"w-image-h\"><a href=\"https:\/\/reklaamivabrik.ee\/fi\/mahulised-logod-fi\/\" title=\"\" target=\"\" rel=\"\" title=\"Kolmiulotteiset logot\"><img loading=\"lazy\" decoding=\"async\" width=\"1024\" height=\"556\" src=\"https:\/\/reklaamivabrik.ee\/wp-content\/uploads\/2019\/05\/mahulised-1-1024x556.png\" class=\"attachment-large size-large\" alt=\"\" srcset=\"https:\/\/reklaamivabrik.ee\/wp-content\/uploads\/2019\/05\/mahulised-1.png 1024w, https:\/\/reklaamivabrik.ee\/wp-content\/uploads\/2019\/05\/mahulised-1-300x163.png 300w, https:\/\/reklaamivabrik.ee\/wp-content\/uploads\/2019\/05\/mahulised-1-768x417.png 768w, https:\/\/reklaamivabrik.ee\/wp-content\/uploads\/2019\/05\/mahulised-1-900x489.png 900w\" sizes=\"(max-width: 1024px) 100vw, 1024px\" \/><div class=\"w-image-meta\"><div class=\"w-image-title\">Kolmiulotteiset logot<\/div><\/div><\/a><\/div><\/div><\/div><\/div><\/div><\/div><div class=\"g-cols wpb_row type_default valign_top vc_inner \"><div class=\"vc_col-sm-3 wpb_column vc_column_container\"><div class=\"vc_column-inner\"><div class=\"wpb_wrapper\"><div class=\"w-image align_center meta_simple\"><div class=\"w-image-h\"><a href=\"https:\/\/reklaamivabrik.ee\/fi\/tarramainokset\/\" title=\"\" target=\"\" rel=\"\" title=\"Tarramainokset\"><img loading=\"lazy\" decoding=\"async\" width=\"1024\" height=\"664\" src=\"https:\/\/reklaamivabrik.ee\/wp-content\/uploads\/2019\/05\/kleebis-1-1024x664.png\" class=\"attachment-large size-large\" alt=\"\" srcset=\"https:\/\/reklaamivabrik.ee\/wp-content\/uploads\/2019\/05\/kleebis-1.png 1024w, https:\/\/reklaamivabrik.ee\/wp-content\/uploads\/2019\/05\/kleebis-1-300x195.png 300w, https:\/\/reklaamivabrik.ee\/wp-content\/uploads\/2019\/05\/kleebis-1-768x498.png 768w, https:\/\/reklaamivabrik.ee\/wp-content\/uploads\/2019\/05\/kleebis-1-900x584.png 900w\" sizes=\"(max-width: 1024px) 100vw, 1024px\" \/><div class=\"w-image-meta\"><div class=\"w-image-title\">Tarramainokset<\/div><\/div><\/a><\/div><\/div><\/div><\/div><\/div><div class=\"vc_col-sm-3 wpb_column vc_column_container\"><div class=\"vc_column-inner\"><div class=\"wpb_wrapper\"><div class=\"w-image align_center meta_simple\"><div class=\"w-image-h\"><a href=\"https:\/\/reklaamivabrik.ee\/fi\/bannerid-sildid-ja-viidad-fi\/\" title=\"\" target=\"\" rel=\"\" title=\"Bannerit, tarrat ja kyltit\"><img loading=\"lazy\" decoding=\"async\" width=\"1024\" height=\"713\" src=\"https:\/\/reklaamivabrik.ee\/wp-content\/uploads\/2019\/05\/banner-1024x713.png\" class=\"attachment-large size-large\" alt=\"\" srcset=\"https:\/\/reklaamivabrik.ee\/wp-content\/uploads\/2019\/05\/banner-1024x713.png 1024w, https:\/\/reklaamivabrik.ee\/wp-content\/uploads\/2019\/05\/banner-300x209.png 300w, https:\/\/reklaamivabrik.ee\/wp-content\/uploads\/2019\/05\/banner-768x535.png 768w, https:\/\/reklaamivabrik.ee\/wp-content\/uploads\/2019\/05\/banner-861x600.png 861w, https:\/\/reklaamivabrik.ee\/wp-content\/uploads\/2019\/05\/banner.png 1510w\" sizes=\"(max-width: 1024px) 100vw, 1024px\" \/><div class=\"w-image-meta\"><div class=\"w-image-title\">Bannerit, tarrat ja kyltit<\/div><\/div><\/a><\/div><\/div><\/div><\/div><\/div><div class=\"vc_col-sm-3 wpb_column vc_column_container\"><div class=\"vc_column-inner\"><div class=\"wpb_wrapper\"><div class=\"w-image align_center meta_simple\"><div class=\"w-image-h\"><a href=\"https:\/\/reklaamivabrik.ee\/fi\/digipaino-ja-valokuvapaino\/\" title=\"\" target=\"\" rel=\"\" title=\"Digipaino ja valokuvapaino\"><img loading=\"lazy\" decoding=\"async\" width=\"1024\" height=\"682\" src=\"https:\/\/reklaamivabrik.ee\/wp-content\/uploads\/2019\/05\/digitrkk-1024x682.jpg\" class=\"attachment-large size-large\" alt=\"\" srcset=\"https:\/\/reklaamivabrik.ee\/wp-content\/uploads\/2019\/05\/digitrkk.jpg 1024w, https:\/\/reklaamivabrik.ee\/wp-content\/uploads\/2019\/05\/digitrkk-300x200.jpg 300w, https:\/\/reklaamivabrik.ee\/wp-content\/uploads\/2019\/05\/digitrkk-768x512.jpg 768w, https:\/\/reklaamivabrik.ee\/wp-content\/uploads\/2019\/05\/digitrkk-900x600.jpg 900w\" sizes=\"(max-width: 1024px) 100vw, 1024px\" \/><div class=\"w-image-meta\"><div class=\"w-image-title\">Digipaino ja valokuvapaino<\/div><\/div><\/a><\/div><\/div><\/div><\/div><\/div><div class=\"vc_col-sm-3 wpb_column vc_column_container\"><div class=\"vc_column-inner\"><div class=\"wpb_wrapper\"><div class=\"w-image align_center meta_simple\"><div class=\"w-image-h\"><a href=\"https:\/\/www.reklaamivabrik.ee\/fi\/cnc-jysinta\/\" title=\"CNC-jysint\u00e4\" target=\"\" rel=\"\" title=\"CNC-jysint\u00e4\"><img loading=\"lazy\" decoding=\"async\" width=\"1024\" height=\"638\" src=\"https:\/\/reklaamivabrik.ee\/wp-content\/uploads\/2025\/01\/CNC-frees-2-1024x638.jpg\" class=\"attachment-large size-large\" alt=\"\" srcset=\"https:\/\/reklaamivabrik.ee\/wp-content\/uploads\/2025\/01\/CNC-frees-2-1024x638.jpg 1024w, https:\/\/reklaamivabrik.ee\/wp-content\/uploads\/2025\/01\/CNC-frees-2-300x187.jpg 300w, https:\/\/reklaamivabrik.ee\/wp-content\/uploads\/2025\/01\/CNC-frees-2-768x478.jpg 768w, https:\/\/reklaamivabrik.ee\/wp-content\/uploads\/2025\/01\/CNC-frees-2-1536x956.jpg 1536w, https:\/\/reklaamivabrik.ee\/wp-content\/uploads\/2025\/01\/CNC-frees-2-900x560.jpg 900w, https:\/\/reklaamivabrik.ee\/wp-content\/uploads\/2025\/01\/CNC-frees-2.jpg 1569w\" sizes=\"(max-width: 1024px) 100vw, 1024px\" \/><div class=\"w-image-meta\"><div class=\"w-image-title\">CNC-jysint\u00e4<\/div><\/div><\/a><\/div><\/div><\/div><\/div><\/div><\/div><\/div><\/div><\/div><\/div><\/div><\/section>\n","protected":false},"excerpt":{"rendered":"ValokirjaimetValolaatikkoMainospylv\u00e4\u00e4tKolmiulotteiset logotTarramainoksetBannerit, tarrat ja kyltitDigipaino ja valokuvapainoCNC-jysint\u00e4","protected":false},"author":1,"featured_media":0,"parent":0,"menu_order":0,"comment_status":"closed","ping_status":"closed","template":"","meta":{"footnotes":"","_links_to":"","_links_to_target":""},"class_list":["post-1270","page","type-page","status-publish","hentry"],"yoast_head":"<!-- This site is optimized with the Yoast SEO plugin v23.7 - https:\/\/yoast.com\/wordpress\/plugins\/seo\/ -->\n<title>Tuotteet - Reklaamivabrik<\/title>\n<meta name=\"robots\" content=\"index, follow, max-snippet:-1, max-image-preview:large, max-video-preview:-1\" \/>\n<link rel=\"canonical\" href=\"https:\/\/reklaamivabrik.ee\/fi\/\" \/>\n<meta property=\"og:locale\" content=\"fi_FI\" \/>\n<meta property=\"og:type\" content=\"article\" \/>\n<meta property=\"og:title\" content=\"Tuotteet - Reklaamivabrik\" \/>\n<meta property=\"og:url\" content=\"https:\/\/reklaamivabrik.ee\/fi\/\" \/>\n<meta property=\"og:site_name\" content=\"Reklaamivabrik\" \/>\n<meta property=\"article:modified_time\" content=\"2025-01-23T14:47:56+00:00\" \/>\n<meta name=\"twitter:card\" content=\"summary_large_image\" \/>\n<meta name=\"twitter:label1\" content=\"Arvioitu lukuaika\" \/>\n\t<meta name=\"twitter:data1\" content=\"1 minuutti\" \/>\n<script type=\"application\/ld+json\" class=\"yoast-schema-graph\">{\"@context\":\"https:\/\/schema.org\",\"@graph\":[{\"@type\":\"WebPage\",\"@id\":\"https:\/\/reklaamivabrik.ee\/fi\/\",\"url\":\"https:\/\/reklaamivabrik.ee\/fi\/\",\"name\":\"Tuotteet - Reklaamivabrik\",\"isPartOf\":{\"@id\":\"https:\/\/www.reklaamivabrik.ee\/#website\"},\"datePublished\":\"2018-09-14T10:04:56+00:00\",\"dateModified\":\"2025-01-23T14:47:56+00:00\",\"breadcrumb\":{\"@id\":\"https:\/\/reklaamivabrik.ee\/fi\/#breadcrumb\"},\"inLanguage\":\"fi\",\"potentialAction\":[{\"@type\":\"ReadAction\",\"target\":[\"https:\/\/reklaamivabrik.ee\/fi\/\"]}]},{\"@type\":\"BreadcrumbList\",\"@id\":\"https:\/\/reklaamivabrik.ee\/fi\/#breadcrumb\",\"itemListElement\":[{\"@type\":\"ListItem\",\"position\":1,\"name\":\"Home\",\"item\":\"https:\/\/reklaamivabrik.ee\/fi\/\"},{\"@type\":\"ListItem\",\"position\":2,\"name\":\"Tuotteet\"}]},{\"@type\":\"WebSite\",\"@id\":\"https:\/\/www.reklaamivabrik.ee\/#website\",\"url\":\"https:\/\/www.reklaamivabrik.ee\/\",\"name\":\"Reklaamivabrik\",\"description\":\"Leiame Teile sobiva lahenduse\",\"potentialAction\":[{\"@type\":\"SearchAction\",\"target\":{\"@type\":\"EntryPoint\",\"urlTemplate\":\"https:\/\/www.reklaamivabrik.ee\/?s={search_term_string}\"},\"query-input\":{\"@type\":\"PropertyValueSpecification\",\"valueRequired\":true,\"valueName\":\"search_term_string\"}}],\"inLanguage\":\"fi\"}]}<\/script>\n<!-- \/ Yoast SEO plugin. -->","yoast_head_json":{"title":"Tuotteet - Reklaamivabrik","robots":{"index":"index","follow":"follow","max-snippet":"max-snippet:-1","max-image-preview":"max-image-preview:large","max-video-preview":"max-video-preview:-1"},"canonical":"https:\/\/reklaamivabrik.ee\/fi\/","og_locale":"fi_FI","og_type":"article","og_title":"Tuotteet - Reklaamivabrik","og_url":"https:\/\/reklaamivabrik.ee\/fi\/","og_site_name":"Reklaamivabrik","article_modified_time":"2025-01-23T14:47:56+00:00","twitter_card":"summary_large_image","twitter_misc":{"Arvioitu lukuaika":"1 minuutti"},"schema":{"@context":"https:\/\/schema.org","@graph":[{"@type":"WebPage","@id":"https:\/\/reklaamivabrik.ee\/fi\/","url":"https:\/\/reklaamivabrik.ee\/fi\/","name":"Tuotteet - Reklaamivabrik","isPartOf":{"@id":"https:\/\/www.reklaamivabrik.ee\/#website"},"datePublished":"2018-09-14T10:04:56+00:00","dateModified":"2025-01-23T14:47:56+00:00","breadcrumb":{"@id":"https:\/\/reklaamivabrik.ee\/fi\/#breadcrumb"},"inLanguage":"fi","potentialAction":[{"@type":"ReadAction","target":["https:\/\/reklaamivabrik.ee\/fi\/"]}]},{"@type":"BreadcrumbList","@id":"https:\/\/reklaamivabrik.ee\/fi\/#breadcrumb","itemListElement":[{"@type":"ListItem","position":1,"name":"Home","item":"https:\/\/reklaamivabrik.ee\/fi\/"},{"@type":"ListItem","position":2,"name":"Tuotteet"}]},{"@type":"WebSite","@id":"https:\/\/www.reklaamivabrik.ee\/#website","url":"https:\/\/www.reklaamivabrik.ee\/","name":"Reklaamivabrik","description":"Leiame Teile sobiva lahenduse","potentialAction":[{"@type":"SearchAction","target":{"@type":"EntryPoint","urlTemplate":"https:\/\/www.reklaamivabrik.ee\/?s={search_term_string}"},"query-input":{"@type":"PropertyValueSpecification","valueRequired":true,"valueName":"search_term_string"}}],"inLanguage":"fi"}]}},"_links":{"self":[{"href":"https:\/\/reklaamivabrik.ee\/fi\/wp-json\/wp\/v2\/pages\/1270"}],"collection":[{"href":"https:\/\/reklaamivabrik.ee\/fi\/wp-json\/wp\/v2\/pages"}],"about":[{"href":"https:\/\/reklaamivabrik.ee\/fi\/wp-json\/wp\/v2\/types\/page"}],"author":[{"embeddable":true,"href":"https:\/\/reklaamivabrik.ee\/fi\/wp-json\/wp\/v2\/users\/1"}],"replies":[{"embeddable":true,"href":"https:\/\/reklaamivabrik.ee\/fi\/wp-json\/wp\/v2\/comments?post=1270"}],"version-history":[{"count":5,"href":"https:\/\/reklaamivabrik.ee\/fi\/wp-json\/wp\/v2\/pages\/1270\/revisions"}],"predecessor-version":[{"id":2379,"href":"https:\/\/reklaamivabrik.ee\/fi\/wp-json\/wp\/v2\/pages\/1270\/revisions\/2379"}],"wp:attachment":[{"href":"https:\/\/reklaamivabrik.ee\/fi\/wp-json\/wp\/v2\/media?parent=1270"}],"curies":[{"name":"wp","href":"https:\/\/api.w.org\/{rel}","templated":true}]}}