{"id":1286,"date":"2018-09-27T10:46:13","date_gmt":"2018-09-27T07:46:13","guid":{"rendered":"https:\/\/reklaamivabrik.ee\/teenused\/"},"modified":"2019-05-30T09:01:25","modified_gmt":"2019-05-30T06:01:25","slug":"palvelut","status":"publish","type":"page","link":"https:\/\/reklaamivabrik.ee\/fi\/palvelut\/","title":{"rendered":"Palvelut"},"content":{"rendered":"<section class=\"l-section wpb_row height_medium ordering services-content\"><div class=\"l-section-h i-cf\"><div class=\"g-cols vc_row type_default valign_top\"><div class=\"vc_col-sm-12 wpb_column vc_column_container\"><div class=\"vc_column-inner\"><div class=\"wpb_wrapper\">\n\t<div class=\"wpb_text_column \">\n\t\t<div class=\"wpb_wrapper\">\n\t\t\t<h1 style=\"text-align: center;\">Palvelut<\/h1>\n\n\t\t<\/div>\n\t<\/div>\n<div class=\"g-cols wpb_row type_default valign_top vc_inner \" id=\"teenused\"><div class=\"vc_col-sm-6 wpb_column vc_column_container\"><div class=\"vc_column-inner\"><div class=\"wpb_wrapper\"><div class=\"w-iconbox iconpos_left style_default color_primary icontype_img\"><div class=\"w-iconbox-icon\"><img decoding=\"async\" src=\"https:\/\/reklaamivabrik.ee\/wp-content\/uploads\/2018\/09\/kujundusto\u0308o\u0308d.svg\" alt=\"Suunnitteluty\u00f6t\"><\/div><div class=\"w-iconbox-meta\"><h2 class=\"w-iconbox-title\">Suunnitteluty\u00f6t<\/h2><div class=\"w-iconbox-text\">SUUNNITTELEMME TUOTTEEN TEID\u00c4N TARPEIDEN MUKAAN JA TOTEUTAMME IDEAN GRAAFISESSA MUODOSSA<\/p>\n<p>* Ulko- ja sis\u00e4mainokset: valomainokset, ulkomainokset, n\u00e4yteikkunat, 3D mainokset, mainostaulut<br \/>\n* Bannerit ja roll-upit<br \/>\n* Julisteet, posterit, flyerit<br \/>\n* Tarrat hillopurkista ajoneuvomainokseen<\/div><\/div><\/div><\/div><\/div><\/div><div class=\"vc_col-sm-6 wpb_column vc_column_container\"><div class=\"vc_column-inner\"><div class=\"wpb_wrapper\"><div class=\"w-iconbox iconpos_left style_default color_primary icontype_img\"><div class=\"w-iconbox-icon\"><img decoding=\"async\" src=\"https:\/\/reklaamivabrik.ee\/wp-content\/uploads\/2018\/09\/remondi.svg\" alt=\"Toteutamme mainosten korjauksia ja huoltot\u00f6it\u00e4.\"><\/div><div class=\"w-iconbox-meta\"><h2 class=\"w-iconbox-title\">Toteutamme mainosten korjauksia ja huoltot\u00f6it\u00e4.<\/h2><div class=\"w-iconbox-text\">Kaikkien eniten tilataan valomainosten valaisimien ja muuntimien vaihtoa ja etupintojen uudistamista.<\/div><\/div><\/div><\/div><\/div><\/div><\/div><div class=\"g-cols wpb_row type_default valign_top vc_inner \"><div class=\"vc_col-sm-6 wpb_column vc_column_container\"><div class=\"vc_column-inner\"><div class=\"wpb_wrapper\"><div class=\"w-iconbox iconpos_left style_default color_primary icontype_img\"><div class=\"w-iconbox-icon\"><img decoding=\"async\" src=\"https:\/\/reklaamivabrik.ee\/wp-content\/uploads\/2018\/09\/CNC.svg\" alt=\"CNC-jyrsint\u00e4, ty\u00f6tason mitat 2000x3000 mm\"><\/div><div class=\"w-iconbox-meta\"><h2 class=\"w-iconbox-title\">CNC-jyrsint\u00e4, ty\u00f6tason mitat 2000x3000 mm<\/h2><div class=\"w-iconbox-text\">Jyrsimme erilaisia muovi-, alumiini-, akryylilasi- ja puumateriaaleja.<\/div><\/div><\/div><\/div><\/div><\/div><div class=\"vc_col-sm-6 wpb_column vc_column_container\"><div class=\"vc_column-inner\"><div class=\"wpb_wrapper\"><\/div><\/div><\/div><\/div><\/div><\/div><\/div><\/div><\/div><\/section>\n","protected":false},"excerpt":{"rendered":"Palvelut Suunnitteluty\u00f6tSUUNNITTELEMME TUOTTEEN TEID\u00c4N TARPEIDEN MUKAAN JA TOTEUTAMME IDEAN GRAAFISESSA MUODOSSA * Ulko- ja sis\u00e4mainokset: valomainokset, ulkomainokset, n\u00e4yteikkunat,...","protected":false},"author":1,"featured_media":0,"parent":0,"menu_order":0,"comment_status":"closed","ping_status":"closed","template":"","meta":{"footnotes":"","_links_to":"","_links_to_target":""},"class_list":["post-1286","page","type-page","status-publish","hentry"],"yoast_head":"<!-- This site is optimized with the Yoast SEO plugin v23.7 - https:\/\/yoast.com\/wordpress\/plugins\/seo\/ -->\n<title>Palvelut - Reklaamivabrik<\/title>\n<meta name=\"robots\" content=\"index, follow, max-snippet:-1, max-image-preview:large, max-video-preview:-1\" \/>\n<link rel=\"canonical\" href=\"https:\/\/reklaamivabrik.ee\/fi\/palvelut\/\" \/>\n<meta property=\"og:locale\" content=\"fi_FI\" \/>\n<meta property=\"og:type\" content=\"article\" \/>\n<meta property=\"og:title\" content=\"Palvelut - Reklaamivabrik\" \/>\n<meta property=\"og:url\" content=\"https:\/\/reklaamivabrik.ee\/fi\/palvelut\/\" \/>\n<meta property=\"og:site_name\" content=\"Reklaamivabrik\" \/>\n<meta property=\"article:modified_time\" content=\"2019-05-30T06:01:25+00:00\" \/>\n<meta name=\"twitter:card\" content=\"summary_large_image\" \/>\n<meta name=\"twitter:label1\" content=\"Arvioitu lukuaika\" \/>\n\t<meta name=\"twitter:data1\" content=\"1 minuutti\" \/>\n<script type=\"application\/ld+json\" class=\"yoast-schema-graph\">{\"@context\":\"https:\/\/schema.org\",\"@graph\":[{\"@type\":\"WebPage\",\"@id\":\"https:\/\/reklaamivabrik.ee\/fi\/palvelut\/\",\"url\":\"https:\/\/reklaamivabrik.ee\/fi\/palvelut\/\",\"name\":\"Palvelut - Reklaamivabrik\",\"isPartOf\":{\"@id\":\"https:\/\/reklaamivabrik.ee\/fi\/#website\"},\"datePublished\":\"2018-09-27T07:46:13+00:00\",\"dateModified\":\"2019-05-30T06:01:25+00:00\",\"breadcrumb\":{\"@id\":\"https:\/\/reklaamivabrik.ee\/fi\/palvelut\/#breadcrumb\"},\"inLanguage\":\"fi\",\"potentialAction\":[{\"@type\":\"ReadAction\",\"target\":[\"https:\/\/reklaamivabrik.ee\/fi\/palvelut\/\"]}]},{\"@type\":\"BreadcrumbList\",\"@id\":\"https:\/\/reklaamivabrik.ee\/fi\/palvelut\/#breadcrumb\",\"itemListElement\":[{\"@type\":\"ListItem\",\"position\":1,\"name\":\"Home\",\"item\":\"https:\/\/reklaamivabrik.ee\/fi\/\"},{\"@type\":\"ListItem\",\"position\":2,\"name\":\"Palvelut\"}]},{\"@type\":\"WebSite\",\"@id\":\"https:\/\/reklaamivabrik.ee\/fi\/#website\",\"url\":\"https:\/\/reklaamivabrik.ee\/fi\/\",\"name\":\"Reklaamivabrik\",\"description\":\"Leiame Teile sobiva lahenduse\",\"potentialAction\":[{\"@type\":\"SearchAction\",\"target\":{\"@type\":\"EntryPoint\",\"urlTemplate\":\"https:\/\/reklaamivabrik.ee\/fi\/?s={search_term_string}\"},\"query-input\":{\"@type\":\"PropertyValueSpecification\",\"valueRequired\":true,\"valueName\":\"search_term_string\"}}],\"inLanguage\":\"fi\"}]}<\/script>\n<!-- \/ Yoast SEO plugin. -->","yoast_head_json":{"title":"Palvelut - Reklaamivabrik","robots":{"index":"index","follow":"follow","max-snippet":"max-snippet:-1","max-image-preview":"max-image-preview:large","max-video-preview":"max-video-preview:-1"},"canonical":"https:\/\/reklaamivabrik.ee\/fi\/palvelut\/","og_locale":"fi_FI","og_type":"article","og_title":"Palvelut - Reklaamivabrik","og_url":"https:\/\/reklaamivabrik.ee\/fi\/palvelut\/","og_site_name":"Reklaamivabrik","article_modified_time":"2019-05-30T06:01:25+00:00","twitter_card":"summary_large_image","twitter_misc":{"Arvioitu lukuaika":"1 minuutti"},"schema":{"@context":"https:\/\/schema.org","@graph":[{"@type":"WebPage","@id":"https:\/\/reklaamivabrik.ee\/fi\/palvelut\/","url":"https:\/\/reklaamivabrik.ee\/fi\/palvelut\/","name":"Palvelut - Reklaamivabrik","isPartOf":{"@id":"https:\/\/reklaamivabrik.ee\/fi\/#website"},"datePublished":"2018-09-27T07:46:13+00:00","dateModified":"2019-05-30T06:01:25+00:00","breadcrumb":{"@id":"https:\/\/reklaamivabrik.ee\/fi\/palvelut\/#breadcrumb"},"inLanguage":"fi","potentialAction":[{"@type":"ReadAction","target":["https:\/\/reklaamivabrik.ee\/fi\/palvelut\/"]}]},{"@type":"BreadcrumbList","@id":"https:\/\/reklaamivabrik.ee\/fi\/palvelut\/#breadcrumb","itemListElement":[{"@type":"ListItem","position":1,"name":"Home","item":"https:\/\/reklaamivabrik.ee\/fi\/"},{"@type":"ListItem","position":2,"name":"Palvelut"}]},{"@type":"WebSite","@id":"https:\/\/reklaamivabrik.ee\/fi\/#website","url":"https:\/\/reklaamivabrik.ee\/fi\/","name":"Reklaamivabrik","description":"Leiame Teile sobiva lahenduse","potentialAction":[{"@type":"SearchAction","target":{"@type":"EntryPoint","urlTemplate":"https:\/\/reklaamivabrik.ee\/fi\/?s={search_term_string}"},"query-input":{"@type":"PropertyValueSpecification","valueRequired":true,"valueName":"search_term_string"}}],"inLanguage":"fi"}]}},"_links":{"self":[{"href":"https:\/\/reklaamivabrik.ee\/fi\/wp-json\/wp\/v2\/pages\/1286"}],"collection":[{"href":"https:\/\/reklaamivabrik.ee\/fi\/wp-json\/wp\/v2\/pages"}],"about":[{"href":"https:\/\/reklaamivabrik.ee\/fi\/wp-json\/wp\/v2\/types\/page"}],"author":[{"embeddable":true,"href":"https:\/\/reklaamivabrik.ee\/fi\/wp-json\/wp\/v2\/users\/1"}],"replies":[{"embeddable":true,"href":"https:\/\/reklaamivabrik.ee\/fi\/wp-json\/wp\/v2\/comments?post=1286"}],"version-history":[{"count":2,"href":"https:\/\/reklaamivabrik.ee\/fi\/wp-json\/wp\/v2\/pages\/1286\/revisions"}],"predecessor-version":[{"id":1322,"href":"https:\/\/reklaamivabrik.ee\/fi\/wp-json\/wp\/v2\/pages\/1286\/revisions\/1322"}],"wp:attachment":[{"href":"https:\/\/reklaamivabrik.ee\/fi\/wp-json\/wp\/v2\/media?parent=1286"}],"curies":[{"name":"wp","href":"https:\/\/api.w.org\/{rel}","templated":true}]}}