{"id":2348,"date":"2025-01-21T10:59:28","date_gmt":"2025-01-21T08:59:28","guid":{"rendered":"https:\/\/reklaamivabrik.ee\/?page_id=2348"},"modified":"2025-01-21T10:59:28","modified_gmt":"2025-01-21T08:59:28","slug":"cnc-jysinta","status":"publish","type":"page","link":"https:\/\/reklaamivabrik.ee\/fi\/cnc-jysinta\/","title":{"rendered":"CNC-jysint\u00e4"},"content":{"rendered":"<section class=\"l-section wpb_row height_medium ordering services-content\"><div class=\"l-section-h i-cf\"><div class=\"g-cols vc_row type_default valign_top\"><div class=\"vc_col-sm-12 wpb_column vc_column_container\"><div class=\"vc_column-inner\"><div class=\"wpb_wrapper\">\n\t<div class=\"wpb_text_column \">\n\t\t<div class=\"wpb_wrapper\">\n\t\t\t<h1 style=\"text-align: center;\">CNC-jyrsint\u00e4<\/h1>\n\n\t\t<\/div>\n\t<\/div>\n<\/div><\/div><\/div><\/div><\/div><\/section><section class=\"l-section wpb_row height_medium about-us\"><div class=\"l-section-h i-cf\"><div class=\"g-cols vc_row type_default valign_top\"><div class=\"vc_col-sm-12 wpb_column vc_column_container\"><div class=\"vc_column-inner\"><div class=\"wpb_wrapper\"><div class=\"g-cols wpb_row type_default valign_top vc_inner \"><div class=\"vc_col-sm-6 wpb_column vc_column_container image-text\"><div class=\"vc_column-inner\"><div class=\"wpb_wrapper\">\n\t<div class=\"wpb_text_column \">\n\t\t<div class=\"wpb_wrapper\">\n\t\t\t<p>Tarjoamme CNC-jyrsint\u00e4palveluja, jotka sopivat sek\u00e4 pieniin ett\u00e4 suuriin projekteihin. K\u00e4sittelemme erilaisia materiaaleja: puuta, muovia ja alumiinia. Teemme yhteisty\u00f6t\u00e4 eri materiaalivarastojen kanssa ja tarvittaessa huolehdimme materiaalin hankinnasta ja toimituksesta.<\/p>\n<h3>Mit\u00e4 tarjoamme?<\/h3>\n<ul>\n<li>CNC-jyrsint\u00e4 modernilla reititin-tyyppisell\u00e4 CNC-jyrsinkoneella. Ty\u00f6alue: 4050\u00d72050 (voimme jyrsi\u00e4 my\u00f6s pidempi\u00e4 levyj\u00e4 erikoisratkaisuna).<\/li>\n<li>Pien- ja sarjatuotanto tarpeidesi mukaan.<\/li>\n<li>Kokoonpano: kokoamme osat tarvittaessa.<\/li>\n<li>Hitsaus: hitsaamme ter\u00e4st\u00e4 ja alumiinia.<\/li>\n<li>Jauhemaalaus: RAL-v\u00e4rikartan mukaisesti.<\/li>\n<li>Konsultointi: luomme piirustukset visiosi pohjalta.<\/li>\n<\/ul>\n<h3>Miksi valita meid\u00e4t?<\/h3>\n<ul>\n<li>Tarkka ja korkealaatuinen toteutus.<\/li>\n<li>Joustavat ratkaisut erikokoisiin tilauksiin.<\/li>\n<li>Luotettava ja ajallaan valmis ty\u00f6.<\/li>\n<\/ul>\n\n\t\t<\/div>\n\t<\/div>\n<\/div><\/div><\/div><div class=\"vc_col-sm-6 wpb_column vc_column_container image-about\"><div class=\"vc_column-inner\"><div class=\"wpb_wrapper\"><div class=\"w-image vc_custom_1737108541621\"><div class=\"w-image-h\"><a href=\"https:\/\/reklaamivabrik.ee\/wp-content\/uploads\/2025\/01\/CNC-frees.jpg\" ref=\"magnificPopup\"><img loading=\"lazy\" decoding=\"async\" width=\"1569\" height=\"977\" src=\"https:\/\/reklaamivabrik.ee\/wp-content\/uploads\/2025\/01\/CNC-frees.jpg\" class=\"attachment-full size-full\" alt=\"\" srcset=\"https:\/\/reklaamivabrik.ee\/wp-content\/uploads\/2025\/01\/CNC-frees.jpg 1569w, https:\/\/reklaamivabrik.ee\/wp-content\/uploads\/2025\/01\/CNC-frees-300x187.jpg 300w, https:\/\/reklaamivabrik.ee\/wp-content\/uploads\/2025\/01\/CNC-frees-1024x638.jpg 1024w, https:\/\/reklaamivabrik.ee\/wp-content\/uploads\/2025\/01\/CNC-frees-768x478.jpg 768w, https:\/\/reklaamivabrik.ee\/wp-content\/uploads\/2025\/01\/CNC-frees-1536x956.jpg 1536w, https:\/\/reklaamivabrik.ee\/wp-content\/uploads\/2025\/01\/CNC-frees-900x560.jpg 900w\" sizes=\"(max-width: 1569px) 100vw, 1569px\" \/><\/a><\/div><\/div><div class=\"w-separator type_default size_medium thick_1 style_solid color_custom cont_none\" style=\"border-color: #ffffff; color: #ffffff;\"><span class=\"w-separator-h\"><\/span><\/div>\n\t<div class=\"wpb_text_column \">\n\t\t<div class=\"wpb_wrapper\">\n\t\t\t<p style=\"text-align: center;\">\ud83d\udcde Pyyd\u00e4 tarjous!<\/p>\n<p style=\"text-align: center;\">\ud83d\udce7 <a rel=\"noopener\">info@reklaamivabrik.ee<\/a> | \ud83d\udcde +372 603 43 80<\/p>\n<p style=\"text-align: center;\"><a href=\"https:\/\/www.reklaamivabrik.ee\/fi\/yhteystiedot\/\">Ota yhteytt\u00e4<\/a> \u2013 yhdess\u00e4 l\u00f6yd\u00e4mme parhaan ratkaisun!<\/p>\n\n\t\t<\/div>\n\t<\/div>\n<div class=\"w-separator type_default size_medium thick_1 style_solid color_custom cont_none\" style=\"border-color: #ffffff; color: #ffffff;\"><span class=\"w-separator-h\"><\/span><\/div><\/div><\/div><\/div><\/div><\/div><\/div><\/div><\/div><\/div><\/section>\n","protected":false},"excerpt":{"rendered":"CNC-jyrsint\u00e4 Tarjoamme CNC-jyrsint\u00e4palveluja, jotka sopivat sek\u00e4 pieniin ett\u00e4 suuriin projekteihin. K\u00e4sittelemme erilaisia materiaaleja: puuta, muovia ja alumiinia. Teemme...","protected":false},"author":1,"featured_media":0,"parent":0,"menu_order":0,"comment_status":"closed","ping_status":"closed","template":"","meta":{"footnotes":"","_links_to":"","_links_to_target":""},"class_list":["post-2348","page","type-page","status-publish","hentry"],"yoast_head":"<!-- This site is optimized with the Yoast SEO plugin v23.7 - https:\/\/yoast.com\/wordpress\/plugins\/seo\/ -->\n<title>CNC-jysint\u00e4 - Reklaamivabrik<\/title>\n<meta name=\"robots\" content=\"index, follow, max-snippet:-1, max-image-preview:large, max-video-preview:-1\" \/>\n<link rel=\"canonical\" href=\"https:\/\/reklaamivabrik.ee\/fi\/cnc-jysinta\/\" \/>\n<meta property=\"og:locale\" content=\"fi_FI\" \/>\n<meta property=\"og:type\" content=\"article\" \/>\n<meta property=\"og:title\" content=\"CNC-jysint\u00e4 - Reklaamivabrik\" \/>\n<meta property=\"og:url\" content=\"https:\/\/reklaamivabrik.ee\/fi\/cnc-jysinta\/\" \/>\n<meta property=\"og:site_name\" content=\"Reklaamivabrik\" \/>\n<meta name=\"twitter:card\" content=\"summary_large_image\" \/>\n<meta name=\"twitter:label1\" content=\"Arvioitu lukuaika\" \/>\n\t<meta name=\"twitter:data1\" content=\"1 minuutti\" \/>\n<script type=\"application\/ld+json\" class=\"yoast-schema-graph\">{\"@context\":\"https:\/\/schema.org\",\"@graph\":[{\"@type\":\"WebPage\",\"@id\":\"https:\/\/reklaamivabrik.ee\/fi\/cnc-jysinta\/\",\"url\":\"https:\/\/reklaamivabrik.ee\/fi\/cnc-jysinta\/\",\"name\":\"CNC-jysint\u00e4 - Reklaamivabrik\",\"isPartOf\":{\"@id\":\"https:\/\/reklaamivabrik.ee\/fi\/#website\"},\"datePublished\":\"2025-01-21T08:59:28+00:00\",\"dateModified\":\"2025-01-21T08:59:28+00:00\",\"breadcrumb\":{\"@id\":\"https:\/\/reklaamivabrik.ee\/fi\/cnc-jysinta\/#breadcrumb\"},\"inLanguage\":\"fi\",\"potentialAction\":[{\"@type\":\"ReadAction\",\"target\":[\"https:\/\/reklaamivabrik.ee\/fi\/cnc-jysinta\/\"]}]},{\"@type\":\"BreadcrumbList\",\"@id\":\"https:\/\/reklaamivabrik.ee\/fi\/cnc-jysinta\/#breadcrumb\",\"itemListElement\":[{\"@type\":\"ListItem\",\"position\":1,\"name\":\"Home\",\"item\":\"https:\/\/reklaamivabrik.ee\/fi\/\"},{\"@type\":\"ListItem\",\"position\":2,\"name\":\"CNC-jysint\u00e4\"}]},{\"@type\":\"WebSite\",\"@id\":\"https:\/\/reklaamivabrik.ee\/fi\/#website\",\"url\":\"https:\/\/reklaamivabrik.ee\/fi\/\",\"name\":\"Reklaamivabrik\",\"description\":\"Leiame Teile sobiva lahenduse\",\"potentialAction\":[{\"@type\":\"SearchAction\",\"target\":{\"@type\":\"EntryPoint\",\"urlTemplate\":\"https:\/\/reklaamivabrik.ee\/fi\/?s={search_term_string}\"},\"query-input\":{\"@type\":\"PropertyValueSpecification\",\"valueRequired\":true,\"valueName\":\"search_term_string\"}}],\"inLanguage\":\"fi\"}]}<\/script>\n<!-- \/ Yoast SEO plugin. -->","yoast_head_json":{"title":"CNC-jysint\u00e4 - Reklaamivabrik","robots":{"index":"index","follow":"follow","max-snippet":"max-snippet:-1","max-image-preview":"max-image-preview:large","max-video-preview":"max-video-preview:-1"},"canonical":"https:\/\/reklaamivabrik.ee\/fi\/cnc-jysinta\/","og_locale":"fi_FI","og_type":"article","og_title":"CNC-jysint\u00e4 - Reklaamivabrik","og_url":"https:\/\/reklaamivabrik.ee\/fi\/cnc-jysinta\/","og_site_name":"Reklaamivabrik","twitter_card":"summary_large_image","twitter_misc":{"Arvioitu lukuaika":"1 minuutti"},"schema":{"@context":"https:\/\/schema.org","@graph":[{"@type":"WebPage","@id":"https:\/\/reklaamivabrik.ee\/fi\/cnc-jysinta\/","url":"https:\/\/reklaamivabrik.ee\/fi\/cnc-jysinta\/","name":"CNC-jysint\u00e4 - Reklaamivabrik","isPartOf":{"@id":"https:\/\/reklaamivabrik.ee\/fi\/#website"},"datePublished":"2025-01-21T08:59:28+00:00","dateModified":"2025-01-21T08:59:28+00:00","breadcrumb":{"@id":"https:\/\/reklaamivabrik.ee\/fi\/cnc-jysinta\/#breadcrumb"},"inLanguage":"fi","potentialAction":[{"@type":"ReadAction","target":["https:\/\/reklaamivabrik.ee\/fi\/cnc-jysinta\/"]}]},{"@type":"BreadcrumbList","@id":"https:\/\/reklaamivabrik.ee\/fi\/cnc-jysinta\/#breadcrumb","itemListElement":[{"@type":"ListItem","position":1,"name":"Home","item":"https:\/\/reklaamivabrik.ee\/fi\/"},{"@type":"ListItem","position":2,"name":"CNC-jysint\u00e4"}]},{"@type":"WebSite","@id":"https:\/\/reklaamivabrik.ee\/fi\/#website","url":"https:\/\/reklaamivabrik.ee\/fi\/","name":"Reklaamivabrik","description":"Leiame Teile sobiva lahenduse","potentialAction":[{"@type":"SearchAction","target":{"@type":"EntryPoint","urlTemplate":"https:\/\/reklaamivabrik.ee\/fi\/?s={search_term_string}"},"query-input":{"@type":"PropertyValueSpecification","valueRequired":true,"valueName":"search_term_string"}}],"inLanguage":"fi"}]}},"_links":{"self":[{"href":"https:\/\/reklaamivabrik.ee\/fi\/wp-json\/wp\/v2\/pages\/2348"}],"collection":[{"href":"https:\/\/reklaamivabrik.ee\/fi\/wp-json\/wp\/v2\/pages"}],"about":[{"href":"https:\/\/reklaamivabrik.ee\/fi\/wp-json\/wp\/v2\/types\/page"}],"author":[{"embeddable":true,"href":"https:\/\/reklaamivabrik.ee\/fi\/wp-json\/wp\/v2\/users\/1"}],"replies":[{"embeddable":true,"href":"https:\/\/reklaamivabrik.ee\/fi\/wp-json\/wp\/v2\/comments?post=2348"}],"version-history":[{"count":2,"href":"https:\/\/reklaamivabrik.ee\/fi\/wp-json\/wp\/v2\/pages\/2348\/revisions"}],"predecessor-version":[{"id":2362,"href":"https:\/\/reklaamivabrik.ee\/fi\/wp-json\/wp\/v2\/pages\/2348\/revisions\/2362"}],"wp:attachment":[{"href":"https:\/\/reklaamivabrik.ee\/fi\/wp-json\/wp\/v2\/media?parent=2348"}],"curies":[{"name":"wp","href":"https:\/\/api.w.org\/{rel}","templated":true}]}}