{"id":1272,"date":"2018-09-14T13:04:56","date_gmt":"2018-09-14T10:04:56","guid":{"rendered":"https:\/\/reklaamivabrik.ee\/avaleht\/"},"modified":"2025-01-23T16:49:03","modified_gmt":"2025-01-23T14:49:03","slug":"avaleht","status":"publish","type":"page","link":"https:\/\/reklaamivabrik.ee\/sv\/","title":{"rendered":"Produkter"},"content":{"rendered":"<section class=\"l-section wpb_row height_medium services\"><div class=\"l-section-h i-cf\"><div class=\"g-cols vc_row type_default valign_top\"><div class=\"vc_col-sm-12 wpb_column vc_column_container\"><div class=\"vc_column-inner\"><div class=\"wpb_wrapper\"><div class=\"g-cols wpb_row type_default valign_top vc_inner \"><div class=\"vc_col-sm-3 wpb_column vc_column_container\"><div class=\"vc_column-inner\"><div class=\"wpb_wrapper\"><div class=\"w-image align_center meta_simple\"><div class=\"w-image-h\"><a href=\"https:\/\/reklaamivabrik.ee\/sv\/valgustahed-sv\/\" title=\"\" target=\"\" rel=\"\" title=\"Ljusbokst\u00e4ver\"><img loading=\"lazy\" decoding=\"async\" width=\"1024\" height=\"679\" src=\"https:\/\/reklaamivabrik.ee\/wp-content\/uploads\/2019\/05\/valgusta\u0308hed-1024x679-2-1024x679.png\" class=\"attachment-large size-large\" alt=\"\" srcset=\"https:\/\/reklaamivabrik.ee\/wp-content\/uploads\/2019\/05\/valgusta\u0308hed-1024x679-2.png 1024w, https:\/\/reklaamivabrik.ee\/wp-content\/uploads\/2019\/05\/valgusta\u0308hed-1024x679-2-300x199.png 300w, https:\/\/reklaamivabrik.ee\/wp-content\/uploads\/2019\/05\/valgusta\u0308hed-1024x679-2-768x509.png 768w, https:\/\/reklaamivabrik.ee\/wp-content\/uploads\/2019\/05\/valgusta\u0308hed-1024x679-2-900x597.png 900w\" sizes=\"(max-width: 1024px) 100vw, 1024px\" \/><div class=\"w-image-meta\"><div class=\"w-image-title\">Ljusbokst\u00e4ver<\/div><\/div><\/a><\/div><\/div><\/div><\/div><\/div><div class=\"vc_col-sm-3 wpb_column vc_column_container\"><div class=\"vc_column-inner\"><div class=\"wpb_wrapper\"><div class=\"w-image align_center meta_simple\"><div class=\"w-image-h\"><a href=\"https:\/\/reklaamivabrik.ee\/sv\/valguskastid-sv\/\" title=\"\" target=\"\" rel=\"\" title=\"Ljusl\u00e5dor\"><img loading=\"lazy\" decoding=\"async\" width=\"986\" height=\"654\" src=\"https:\/\/reklaamivabrik.ee\/wp-content\/uploads\/2019\/05\/valguskastid-2.jpg\" class=\"attachment-large size-large\" alt=\"\" srcset=\"https:\/\/reklaamivabrik.ee\/wp-content\/uploads\/2019\/05\/valguskastid-2.jpg 986w, https:\/\/reklaamivabrik.ee\/wp-content\/uploads\/2019\/05\/valguskastid-2-300x199.jpg 300w, https:\/\/reklaamivabrik.ee\/wp-content\/uploads\/2019\/05\/valguskastid-2-768x509.jpg 768w, https:\/\/reklaamivabrik.ee\/wp-content\/uploads\/2019\/05\/valguskastid-2-900x597.jpg 900w\" sizes=\"(max-width: 986px) 100vw, 986px\" \/><div class=\"w-image-meta\"><div class=\"w-image-title\">Ljusl\u00e5dor<\/div><\/div><\/a><\/div><\/div><\/div><\/div><\/div><div class=\"vc_col-sm-3 wpb_column vc_column_container\"><div class=\"vc_column-inner\"><div class=\"wpb_wrapper\"><div class=\"w-image align_center meta_simple\"><div class=\"w-image-h\"><a href=\"https:\/\/reklaamivabrik.ee\/sv\/reklaampostid-sv\/\" title=\"\" target=\"\" rel=\"\" title=\"Reklampelare\"><img loading=\"lazy\" decoding=\"async\" width=\"1024\" height=\"669\" src=\"https:\/\/reklaamivabrik.ee\/wp-content\/uploads\/2019\/05\/reklaam-1-1024x669.png\" class=\"attachment-large size-large\" alt=\"\" srcset=\"https:\/\/reklaamivabrik.ee\/wp-content\/uploads\/2019\/05\/reklaam-1.png 1024w, https:\/\/reklaamivabrik.ee\/wp-content\/uploads\/2019\/05\/reklaam-1-300x196.png 300w, https:\/\/reklaamivabrik.ee\/wp-content\/uploads\/2019\/05\/reklaam-1-768x502.png 768w, https:\/\/reklaamivabrik.ee\/wp-content\/uploads\/2019\/05\/reklaam-1-900x588.png 900w\" sizes=\"(max-width: 1024px) 100vw, 1024px\" \/><div class=\"w-image-meta\"><div class=\"w-image-title\">Reklampelare<\/div><\/div><\/a><\/div><\/div><\/div><\/div><\/div><div class=\"vc_col-sm-3 wpb_column vc_column_container\"><div class=\"vc_column-inner\"><div class=\"wpb_wrapper\"><div class=\"w-image align_center meta_simple\"><div class=\"w-image-h\"><a href=\"https:\/\/reklaamivabrik.ee\/sv\/mahulised-logod-sv\/\" title=\"\" target=\"\" rel=\"\" title=\"3D logotyper\"><img loading=\"lazy\" decoding=\"async\" width=\"1024\" height=\"556\" src=\"https:\/\/reklaamivabrik.ee\/wp-content\/uploads\/2019\/05\/mahulised-2-1024x556.png\" class=\"attachment-large size-large\" alt=\"\" srcset=\"https:\/\/reklaamivabrik.ee\/wp-content\/uploads\/2019\/05\/mahulised-2.png 1024w, https:\/\/reklaamivabrik.ee\/wp-content\/uploads\/2019\/05\/mahulised-2-300x163.png 300w, https:\/\/reklaamivabrik.ee\/wp-content\/uploads\/2019\/05\/mahulised-2-768x417.png 768w, https:\/\/reklaamivabrik.ee\/wp-content\/uploads\/2019\/05\/mahulised-2-900x489.png 900w\" sizes=\"(max-width: 1024px) 100vw, 1024px\" \/><div class=\"w-image-meta\"><div class=\"w-image-title\">3D logotyper<\/div><\/div><\/a><\/div><\/div><\/div><\/div><\/div><\/div><div class=\"g-cols wpb_row type_default valign_top vc_inner \"><div class=\"vc_col-sm-3 wpb_column vc_column_container\"><div class=\"vc_column-inner\"><div class=\"wpb_wrapper\"><div class=\"w-image align_center meta_simple\"><div class=\"w-image-h\"><a href=\"https:\/\/reklaamivabrik.ee\/sv\/reklamdekorer\/\" title=\"\" target=\"\" rel=\"\" title=\"Reklamdekorer\"><img loading=\"lazy\" decoding=\"async\" width=\"1024\" height=\"664\" src=\"https:\/\/reklaamivabrik.ee\/wp-content\/uploads\/2019\/05\/kleebis-2-1024x664.png\" class=\"attachment-large size-large\" alt=\"\" srcset=\"https:\/\/reklaamivabrik.ee\/wp-content\/uploads\/2019\/05\/kleebis-2.png 1024w, https:\/\/reklaamivabrik.ee\/wp-content\/uploads\/2019\/05\/kleebis-2-300x195.png 300w, https:\/\/reklaamivabrik.ee\/wp-content\/uploads\/2019\/05\/kleebis-2-768x498.png 768w, https:\/\/reklaamivabrik.ee\/wp-content\/uploads\/2019\/05\/kleebis-2-900x584.png 900w\" sizes=\"(max-width: 1024px) 100vw, 1024px\" \/><div class=\"w-image-meta\"><div class=\"w-image-title\">Reklamdekorer<\/div><\/div><\/a><\/div><\/div><\/div><\/div><\/div><div class=\"vc_col-sm-3 wpb_column vc_column_container\"><div class=\"vc_column-inner\"><div class=\"wpb_wrapper\"><div class=\"w-image align_center meta_simple\"><div class=\"w-image-h\"><a href=\"https:\/\/reklaamivabrik.ee\/sv\/bannerid-sildid-ja-viidad-sv\/\" title=\"\" target=\"\" rel=\"\" title=\"Banderoller och skyltar\"><img loading=\"lazy\" decoding=\"async\" width=\"1024\" height=\"713\" src=\"https:\/\/reklaamivabrik.ee\/wp-content\/uploads\/2019\/05\/banner-1-1024x713.png\" class=\"attachment-large size-large\" alt=\"\" srcset=\"https:\/\/reklaamivabrik.ee\/wp-content\/uploads\/2019\/05\/banner-1-1024x713.png 1024w, https:\/\/reklaamivabrik.ee\/wp-content\/uploads\/2019\/05\/banner-1-300x209.png 300w, https:\/\/reklaamivabrik.ee\/wp-content\/uploads\/2019\/05\/banner-1-768x535.png 768w, https:\/\/reklaamivabrik.ee\/wp-content\/uploads\/2019\/05\/banner-1-861x600.png 861w, https:\/\/reklaamivabrik.ee\/wp-content\/uploads\/2019\/05\/banner-1.png 1510w\" sizes=\"(max-width: 1024px) 100vw, 1024px\" \/><div class=\"w-image-meta\"><div class=\"w-image-title\">Banderoller och skyltar<\/div><\/div><\/a><\/div><\/div><\/div><\/div><\/div><div class=\"vc_col-sm-3 wpb_column vc_column_container\"><div class=\"vc_column-inner\"><div class=\"wpb_wrapper\"><div class=\"w-image align_center meta_simple\"><div class=\"w-image-h\"><a href=\"https:\/\/reklaamivabrik.ee\/sv\/digitaltryck-och-fototryck\/\" title=\"\" target=\"\" rel=\"\" title=\"Digitaltryck och fototryck\"><img loading=\"lazy\" decoding=\"async\" width=\"1024\" height=\"682\" src=\"https:\/\/reklaamivabrik.ee\/wp-content\/uploads\/2019\/05\/digitrkk-1-1024x682.jpg\" class=\"attachment-large size-large\" alt=\"\" srcset=\"https:\/\/reklaamivabrik.ee\/wp-content\/uploads\/2019\/05\/digitrkk-1.jpg 1024w, https:\/\/reklaamivabrik.ee\/wp-content\/uploads\/2019\/05\/digitrkk-1-300x200.jpg 300w, https:\/\/reklaamivabrik.ee\/wp-content\/uploads\/2019\/05\/digitrkk-1-768x512.jpg 768w, https:\/\/reklaamivabrik.ee\/wp-content\/uploads\/2019\/05\/digitrkk-1-900x600.jpg 900w\" sizes=\"(max-width: 1024px) 100vw, 1024px\" \/><div class=\"w-image-meta\"><div class=\"w-image-title\">Digitaltryck och fototryck<\/div><\/div><\/a><\/div><\/div><\/div><\/div><\/div><div class=\"vc_col-sm-3 wpb_column vc_column_container\"><div class=\"vc_column-inner\"><div class=\"wpb_wrapper\"><div class=\"w-image align_center meta_simple\"><div class=\"w-image-h\"><a href=\"https:\/\/www.reklaamivabrik.ee\/sv\/cnc-frasning\/\" title=\"CNC-fr\u00e4sning\" target=\"\" rel=\"\" title=\"CNC-fr\u00e4sning\"><img loading=\"lazy\" decoding=\"async\" width=\"1024\" height=\"638\" src=\"https:\/\/reklaamivabrik.ee\/wp-content\/uploads\/2025\/01\/CNC-frees-3-1024x638.jpg\" class=\"attachment-large size-large\" alt=\"\" srcset=\"https:\/\/reklaamivabrik.ee\/wp-content\/uploads\/2025\/01\/CNC-frees-3-1024x638.jpg 1024w, https:\/\/reklaamivabrik.ee\/wp-content\/uploads\/2025\/01\/CNC-frees-3-300x187.jpg 300w, https:\/\/reklaamivabrik.ee\/wp-content\/uploads\/2025\/01\/CNC-frees-3-768x478.jpg 768w, https:\/\/reklaamivabrik.ee\/wp-content\/uploads\/2025\/01\/CNC-frees-3-1536x956.jpg 1536w, https:\/\/reklaamivabrik.ee\/wp-content\/uploads\/2025\/01\/CNC-frees-3-900x560.jpg 900w, https:\/\/reklaamivabrik.ee\/wp-content\/uploads\/2025\/01\/CNC-frees-3.jpg 1569w\" sizes=\"(max-width: 1024px) 100vw, 1024px\" \/><div class=\"w-image-meta\"><div class=\"w-image-title\">CNC-fr\u00e4sning<\/div><\/div><\/a><\/div><\/div><\/div><\/div><\/div><\/div><\/div><\/div><\/div><\/div><\/div><\/section>\n","protected":false},"excerpt":{"rendered":"Ljusbokst\u00e4verLjusl\u00e5dorReklampelare3D logotyperReklamdekorerBanderoller och skyltarDigitaltryck och fototryckCNC-fr\u00e4sning","protected":false},"author":1,"featured_media":0,"parent":0,"menu_order":0,"comment_status":"closed","ping_status":"closed","template":"","meta":{"footnotes":"","_links_to":"","_links_to_target":""},"class_list":["post-1272","page","type-page","status-publish","hentry"],"yoast_head":"<!-- This site is optimized with the Yoast SEO plugin v23.7 - https:\/\/yoast.com\/wordpress\/plugins\/seo\/ -->\n<title>Produkter - Reklaamivabrik<\/title>\n<meta name=\"robots\" content=\"index, follow, max-snippet:-1, max-image-preview:large, max-video-preview:-1\" \/>\n<link rel=\"canonical\" href=\"https:\/\/www.reklaamivabrik.ee\/sv\/\" \/>\n<meta property=\"og:locale\" content=\"sv_SE\" \/>\n<meta property=\"og:type\" content=\"article\" \/>\n<meta property=\"og:title\" content=\"Produkter - Reklaamivabrik\" \/>\n<meta property=\"og:url\" content=\"https:\/\/www.reklaamivabrik.ee\/sv\/\" \/>\n<meta property=\"og:site_name\" content=\"Reklaamivabrik\" \/>\n<meta property=\"article:modified_time\" content=\"2025-01-23T14:49:03+00:00\" \/>\n<meta name=\"twitter:card\" content=\"summary_large_image\" \/>\n<meta name=\"twitter:label1\" content=\"Ber\u00e4knad l\u00e4stid\" \/>\n\t<meta name=\"twitter:data1\" content=\"1 minut\" \/>\n<script type=\"application\/ld+json\" class=\"yoast-schema-graph\">{\"@context\":\"https:\/\/schema.org\",\"@graph\":[{\"@type\":\"WebPage\",\"@id\":\"https:\/\/www.reklaamivabrik.ee\/sv\/\",\"url\":\"https:\/\/www.reklaamivabrik.ee\/sv\/\",\"name\":\"Produkter - Reklaamivabrik\",\"isPartOf\":{\"@id\":\"https:\/\/www.reklaamivabrik.ee\/sv\/#website\"},\"datePublished\":\"2018-09-14T10:04:56+00:00\",\"dateModified\":\"2025-01-23T14:49:03+00:00\",\"breadcrumb\":{\"@id\":\"https:\/\/www.reklaamivabrik.ee\/sv\/#breadcrumb\"},\"inLanguage\":\"sv-SE\",\"potentialAction\":[{\"@type\":\"ReadAction\",\"target\":[\"https:\/\/www.reklaamivabrik.ee\/sv\/\"]}]},{\"@type\":\"BreadcrumbList\",\"@id\":\"https:\/\/www.reklaamivabrik.ee\/sv\/#breadcrumb\",\"itemListElement\":[{\"@type\":\"ListItem\",\"position\":1,\"name\":\"Home\",\"item\":\"https:\/\/www.reklaamivabrik.ee\/sv\/\"},{\"@type\":\"ListItem\",\"position\":2,\"name\":\"Produkter\"}]},{\"@type\":\"WebSite\",\"@id\":\"https:\/\/www.reklaamivabrik.ee\/sv\/#website\",\"url\":\"https:\/\/www.reklaamivabrik.ee\/sv\/\",\"name\":\"Reklaamivabrik\",\"description\":\"Leiame Teile sobiva lahenduse\",\"potentialAction\":[{\"@type\":\"SearchAction\",\"target\":{\"@type\":\"EntryPoint\",\"urlTemplate\":\"https:\/\/www.reklaamivabrik.ee\/sv\/?s={search_term_string}\"},\"query-input\":{\"@type\":\"PropertyValueSpecification\",\"valueRequired\":true,\"valueName\":\"search_term_string\"}}],\"inLanguage\":\"sv-SE\"}]}<\/script>\n<!-- \/ Yoast SEO plugin. -->","yoast_head_json":{"title":"Produkter - Reklaamivabrik","robots":{"index":"index","follow":"follow","max-snippet":"max-snippet:-1","max-image-preview":"max-image-preview:large","max-video-preview":"max-video-preview:-1"},"canonical":"https:\/\/www.reklaamivabrik.ee\/sv\/","og_locale":"sv_SE","og_type":"article","og_title":"Produkter - Reklaamivabrik","og_url":"https:\/\/www.reklaamivabrik.ee\/sv\/","og_site_name":"Reklaamivabrik","article_modified_time":"2025-01-23T14:49:03+00:00","twitter_card":"summary_large_image","twitter_misc":{"Ber\u00e4knad l\u00e4stid":"1 minut"},"schema":{"@context":"https:\/\/schema.org","@graph":[{"@type":"WebPage","@id":"https:\/\/www.reklaamivabrik.ee\/sv\/","url":"https:\/\/www.reklaamivabrik.ee\/sv\/","name":"Produkter - Reklaamivabrik","isPartOf":{"@id":"https:\/\/www.reklaamivabrik.ee\/sv\/#website"},"datePublished":"2018-09-14T10:04:56+00:00","dateModified":"2025-01-23T14:49:03+00:00","breadcrumb":{"@id":"https:\/\/www.reklaamivabrik.ee\/sv\/#breadcrumb"},"inLanguage":"sv-SE","potentialAction":[{"@type":"ReadAction","target":["https:\/\/www.reklaamivabrik.ee\/sv\/"]}]},{"@type":"BreadcrumbList","@id":"https:\/\/www.reklaamivabrik.ee\/sv\/#breadcrumb","itemListElement":[{"@type":"ListItem","position":1,"name":"Home","item":"https:\/\/www.reklaamivabrik.ee\/sv\/"},{"@type":"ListItem","position":2,"name":"Produkter"}]},{"@type":"WebSite","@id":"https:\/\/www.reklaamivabrik.ee\/sv\/#website","url":"https:\/\/www.reklaamivabrik.ee\/sv\/","name":"Reklaamivabrik","description":"Leiame Teile sobiva lahenduse","potentialAction":[{"@type":"SearchAction","target":{"@type":"EntryPoint","urlTemplate":"https:\/\/www.reklaamivabrik.ee\/sv\/?s={search_term_string}"},"query-input":{"@type":"PropertyValueSpecification","valueRequired":true,"valueName":"search_term_string"}}],"inLanguage":"sv-SE"}]}},"_links":{"self":[{"href":"https:\/\/reklaamivabrik.ee\/sv\/wp-json\/wp\/v2\/pages\/1272"}],"collection":[{"href":"https:\/\/reklaamivabrik.ee\/sv\/wp-json\/wp\/v2\/pages"}],"about":[{"href":"https:\/\/reklaamivabrik.ee\/sv\/wp-json\/wp\/v2\/types\/page"}],"author":[{"embeddable":true,"href":"https:\/\/reklaamivabrik.ee\/sv\/wp-json\/wp\/v2\/users\/1"}],"replies":[{"embeddable":true,"href":"https:\/\/reklaamivabrik.ee\/sv\/wp-json\/wp\/v2\/comments?post=1272"}],"version-history":[{"count":4,"href":"https:\/\/reklaamivabrik.ee\/sv\/wp-json\/wp\/v2\/pages\/1272\/revisions"}],"predecessor-version":[{"id":2384,"href":"https:\/\/reklaamivabrik.ee\/sv\/wp-json\/wp\/v2\/pages\/1272\/revisions\/2384"}],"wp:attachment":[{"href":"https:\/\/reklaamivabrik.ee\/sv\/wp-json\/wp\/v2\/media?parent=1272"}],"curies":[{"name":"wp","href":"https:\/\/api.w.org\/{rel}","templated":true}]}}