{"id":1276,"date":"2018-09-27T10:46:42","date_gmt":"2018-09-27T07:46:42","guid":{"rendered":"https:\/\/reklaamivabrik.ee\/ettevottest\/"},"modified":"2019-06-07T15:14:42","modified_gmt":"2019-06-07T12:14:42","slug":"om-foretaget","status":"publish","type":"page","link":"https:\/\/reklaamivabrik.ee\/sv\/om-foretaget\/","title":{"rendered":"Om f\u00f6retaget"},"content":{"rendered":"<section class=\"l-section wpb_row height_medium ordering services-content\"><div class=\"l-section-h i-cf\"><div class=\"g-cols vc_row type_default valign_top\"><div class=\"vc_col-sm-12 wpb_column vc_column_container\"><div class=\"vc_column-inner\"><div class=\"wpb_wrapper\">\n\t<div class=\"wpb_text_column \">\n\t\t<div class=\"wpb_wrapper\">\n\t\t\t<h1 style=\"text-align: center;\">Om f\u00f6retaget<\/h1>\n\n\t\t<\/div>\n\t<\/div>\n<\/div><\/div><\/div><\/div><\/div><\/section><section class=\"l-section wpb_row height_medium about-us\"><div class=\"l-section-h i-cf\"><div class=\"g-cols vc_row type_default valign_top\"><div class=\"vc_col-sm-12 wpb_column vc_column_container\"><div class=\"vc_column-inner\"><div class=\"wpb_wrapper\"><div class=\"g-cols wpb_row type_default valign_top vc_inner \"><div class=\"vc_col-sm-6 wpb_column vc_column_container image-text\"><div class=\"vc_column-inner\"><div class=\"wpb_wrapper\">\n\t<div class=\"wpb_text_column \">\n\t\t<div class=\"wpb_wrapper\">\n\t\t\t<p>Reklaamivabrik O\u00dc grundades \u00e5r 2003 i syfte att erbjuda kvalitetsprodukter och -tj\u00e4nster till rimliga priser och leveranstider.<\/p>\n<p>F\u00f6retaget har sedan verksamhetsstarten bedrivit framst\u00e4llning, installation och underh\u00e5ll av olika reklamprodukter.<\/p>\n<p>I dag har vi vuxit till ett medelstort f\u00f6retag i branschen med en stark tillv\u00e4xttrend.<\/p>\n<p>Produktionen \u00e4ger rum i moderna lokaler med senaste utrustning i CAD\/CAM system.<\/p>\n<p>Produkterna s\u00e4ljs fr\u00e4mst p\u00e5 den estniska hemmamarknaden, en mindre del exporteras till Skandinavien.<\/p>\n<p>Kvalitetsprodukter och -service \u00e4r f\u00f6retagets h\u00f6gsta prioritet.<\/p>\n<p>Tveka inte att beg\u00e4ra en offert, vi hittar s\u00e4kert en l\u00f6sning som passar just er.<\/p>\n\n\t\t<\/div>\n\t<\/div>\n<\/div><\/div><\/div><div class=\"vc_col-sm-6 wpb_column vc_column_container image-about\"><div class=\"vc_column-inner\"><div class=\"wpb_wrapper\"><div class=\"w-image\"><div class=\"w-image-h\"><a href=\"https:\/\/reklaamivabrik.ee\/wp-content\/uploads\/2019\/02\/IMG_3475.jpg\" ref=\"magnificPopup\"><img loading=\"lazy\" decoding=\"async\" width=\"5184\" height=\"3456\" src=\"https:\/\/reklaamivabrik.ee\/wp-content\/uploads\/2019\/02\/IMG_3475.jpg\" class=\"attachment-full size-full\" alt=\"\" srcset=\"https:\/\/reklaamivabrik.ee\/wp-content\/uploads\/2019\/02\/IMG_3475.jpg 5184w, https:\/\/reklaamivabrik.ee\/wp-content\/uploads\/2019\/02\/IMG_3475-300x200.jpg 300w, https:\/\/reklaamivabrik.ee\/wp-content\/uploads\/2019\/02\/IMG_3475-768x512.jpg 768w, https:\/\/reklaamivabrik.ee\/wp-content\/uploads\/2019\/02\/IMG_3475-1024x683.jpg 1024w, https:\/\/reklaamivabrik.ee\/wp-content\/uploads\/2019\/02\/IMG_3475-900x600.jpg 900w\" sizes=\"(max-width: 5184px) 100vw, 5184px\" \/><\/a><\/div><\/div><\/div><\/div><\/div><\/div><div class=\"g-cols wpb_row type_default valign_top vc_inner \"><div class=\"vc_col-sm-6 wpb_column vc_column_container image-about image-about_two\"><div class=\"vc_column-inner\"><div class=\"wpb_wrapper\"><div class=\"w-image align_left\"><div class=\"w-image-h\"><img loading=\"lazy\" decoding=\"async\" width=\"1181\" height=\"788\" src=\"https:\/\/reklaamivabrik.ee\/wp-content\/uploads\/2019\/02\/Vaalad-HW.jpg\" class=\"attachment-full size-full\" alt=\"\" srcset=\"https:\/\/reklaamivabrik.ee\/wp-content\/uploads\/2019\/02\/Vaalad-HW.jpg 1181w, https:\/\/reklaamivabrik.ee\/wp-content\/uploads\/2019\/02\/Vaalad-HW-300x200.jpg 300w, https:\/\/reklaamivabrik.ee\/wp-content\/uploads\/2019\/02\/Vaalad-HW-768x512.jpg 768w, https:\/\/reklaamivabrik.ee\/wp-content\/uploads\/2019\/02\/Vaalad-HW-1024x683.jpg 1024w, https:\/\/reklaamivabrik.ee\/wp-content\/uploads\/2019\/02\/Vaalad-HW-900x600.jpg 900w\" sizes=\"(max-width: 1181px) 100vw, 1181px\" \/><\/div><\/div><\/div><\/div><\/div><div class=\"vc_col-sm-6 wpb_column vc_column_container image-text image-text_two\"><div class=\"vc_column-inner\"><div class=\"wpb_wrapper\">\n\t<div class=\"wpb_text_column \">\n\t\t<div class=\"wpb_wrapper\">\n\t\t\t<h3>Milj\u00f6<\/h3>\n<p>En h\u00e5llbar milj\u00f6policy \u00e4r mycket viktig f\u00f6r oss.<\/p>\n<p>Huvudinriktningen f\u00f6r Reklaamivabrik O\u00dc:s milj\u00f6policy \u00e4r att:<\/p>\n<p>&#8211; nyttja material- och energiresurser p\u00e5 ett h\u00e5llbart s\u00e4tt;<\/p>\n<p>&#8211; anv\u00e4nda milj\u00f6v\u00e4nliga och \u00e5teranv\u00e4ndbara material;<\/p>\n<p>&#8211; skapa en arbetsmilj\u00f6 som \u00e4r sn\u00e4ll mot milj\u00f6n och m\u00e4nniskan;<\/p>\n<p>&#8211; undvika eller minska negativ milj\u00f6p\u00e5verkan vid avfallshantering och i f\u00f6retagets n\u00e4ringsverksamhet f\u00f6r \u00f6vrigt.<\/p>\n\n\t\t<\/div>\n\t<\/div>\n<\/div><\/div><\/div><\/div><\/div><\/div><\/div><\/div><\/div><\/section>\n","protected":false},"excerpt":{"rendered":"Om f\u00f6retaget Reklaamivabrik O\u00dc grundades \u00e5r 2003 i syfte att erbjuda kvalitetsprodukter och -tj\u00e4nster till rimliga priser och...","protected":false},"author":1,"featured_media":0,"parent":0,"menu_order":0,"comment_status":"closed","ping_status":"closed","template":"","meta":{"footnotes":"","_links_to":"","_links_to_target":""},"class_list":["post-1276","page","type-page","status-publish","hentry"],"yoast_head":"<!-- This site is optimized with the Yoast SEO plugin v23.7 - https:\/\/yoast.com\/wordpress\/plugins\/seo\/ -->\n<title>Om f\u00f6retaget - Reklaamivabrik<\/title>\n<meta name=\"robots\" content=\"index, follow, max-snippet:-1, max-image-preview:large, max-video-preview:-1\" \/>\n<link rel=\"canonical\" href=\"https:\/\/reklaamivabrik.ee\/sv\/om-foretaget\/\" \/>\n<meta property=\"og:locale\" content=\"sv_SE\" \/>\n<meta property=\"og:type\" content=\"article\" \/>\n<meta property=\"og:title\" content=\"Om f\u00f6retaget - Reklaamivabrik\" \/>\n<meta property=\"og:url\" content=\"https:\/\/reklaamivabrik.ee\/sv\/om-foretaget\/\" \/>\n<meta property=\"og:site_name\" content=\"Reklaamivabrik\" \/>\n<meta property=\"article:modified_time\" content=\"2019-06-07T12:14:42+00:00\" \/>\n<meta name=\"twitter:card\" content=\"summary_large_image\" \/>\n<meta name=\"twitter:label1\" content=\"Ber\u00e4knad l\u00e4stid\" \/>\n\t<meta name=\"twitter:data1\" content=\"1 minut\" \/>\n<script type=\"application\/ld+json\" class=\"yoast-schema-graph\">{\"@context\":\"https:\/\/schema.org\",\"@graph\":[{\"@type\":\"WebPage\",\"@id\":\"https:\/\/reklaamivabrik.ee\/sv\/om-foretaget\/\",\"url\":\"https:\/\/reklaamivabrik.ee\/sv\/om-foretaget\/\",\"name\":\"Om f\u00f6retaget - Reklaamivabrik\",\"isPartOf\":{\"@id\":\"https:\/\/www.reklaamivabrik.ee\/#website\"},\"datePublished\":\"2018-09-27T07:46:42+00:00\",\"dateModified\":\"2019-06-07T12:14:42+00:00\",\"breadcrumb\":{\"@id\":\"https:\/\/reklaamivabrik.ee\/sv\/om-foretaget\/#breadcrumb\"},\"inLanguage\":\"sv-SE\",\"potentialAction\":[{\"@type\":\"ReadAction\",\"target\":[\"https:\/\/reklaamivabrik.ee\/sv\/om-foretaget\/\"]}]},{\"@type\":\"BreadcrumbList\",\"@id\":\"https:\/\/reklaamivabrik.ee\/sv\/om-foretaget\/#breadcrumb\",\"itemListElement\":[{\"@type\":\"ListItem\",\"position\":1,\"name\":\"Home\",\"item\":\"https:\/\/www.reklaamivabrik.ee\/sv\/\"},{\"@type\":\"ListItem\",\"position\":2,\"name\":\"Om f\u00f6retaget\"}]},{\"@type\":\"WebSite\",\"@id\":\"https:\/\/www.reklaamivabrik.ee\/#website\",\"url\":\"https:\/\/www.reklaamivabrik.ee\/\",\"name\":\"Reklaamivabrik\",\"description\":\"Leiame Teile sobiva lahenduse\",\"potentialAction\":[{\"@type\":\"SearchAction\",\"target\":{\"@type\":\"EntryPoint\",\"urlTemplate\":\"https:\/\/www.reklaamivabrik.ee\/?s={search_term_string}\"},\"query-input\":{\"@type\":\"PropertyValueSpecification\",\"valueRequired\":true,\"valueName\":\"search_term_string\"}}],\"inLanguage\":\"sv-SE\"}]}<\/script>\n<!-- \/ Yoast SEO plugin. -->","yoast_head_json":{"title":"Om f\u00f6retaget - Reklaamivabrik","robots":{"index":"index","follow":"follow","max-snippet":"max-snippet:-1","max-image-preview":"max-image-preview:large","max-video-preview":"max-video-preview:-1"},"canonical":"https:\/\/reklaamivabrik.ee\/sv\/om-foretaget\/","og_locale":"sv_SE","og_type":"article","og_title":"Om f\u00f6retaget - Reklaamivabrik","og_url":"https:\/\/reklaamivabrik.ee\/sv\/om-foretaget\/","og_site_name":"Reklaamivabrik","article_modified_time":"2019-06-07T12:14:42+00:00","twitter_card":"summary_large_image","twitter_misc":{"Ber\u00e4knad l\u00e4stid":"1 minut"},"schema":{"@context":"https:\/\/schema.org","@graph":[{"@type":"WebPage","@id":"https:\/\/reklaamivabrik.ee\/sv\/om-foretaget\/","url":"https:\/\/reklaamivabrik.ee\/sv\/om-foretaget\/","name":"Om f\u00f6retaget - Reklaamivabrik","isPartOf":{"@id":"https:\/\/www.reklaamivabrik.ee\/#website"},"datePublished":"2018-09-27T07:46:42+00:00","dateModified":"2019-06-07T12:14:42+00:00","breadcrumb":{"@id":"https:\/\/reklaamivabrik.ee\/sv\/om-foretaget\/#breadcrumb"},"inLanguage":"sv-SE","potentialAction":[{"@type":"ReadAction","target":["https:\/\/reklaamivabrik.ee\/sv\/om-foretaget\/"]}]},{"@type":"BreadcrumbList","@id":"https:\/\/reklaamivabrik.ee\/sv\/om-foretaget\/#breadcrumb","itemListElement":[{"@type":"ListItem","position":1,"name":"Home","item":"https:\/\/www.reklaamivabrik.ee\/sv\/"},{"@type":"ListItem","position":2,"name":"Om f\u00f6retaget"}]},{"@type":"WebSite","@id":"https:\/\/www.reklaamivabrik.ee\/#website","url":"https:\/\/www.reklaamivabrik.ee\/","name":"Reklaamivabrik","description":"Leiame Teile sobiva lahenduse","potentialAction":[{"@type":"SearchAction","target":{"@type":"EntryPoint","urlTemplate":"https:\/\/www.reklaamivabrik.ee\/?s={search_term_string}"},"query-input":{"@type":"PropertyValueSpecification","valueRequired":true,"valueName":"search_term_string"}}],"inLanguage":"sv-SE"}]}},"_links":{"self":[{"href":"https:\/\/reklaamivabrik.ee\/sv\/wp-json\/wp\/v2\/pages\/1276"}],"collection":[{"href":"https:\/\/reklaamivabrik.ee\/sv\/wp-json\/wp\/v2\/pages"}],"about":[{"href":"https:\/\/reklaamivabrik.ee\/sv\/wp-json\/wp\/v2\/types\/page"}],"author":[{"embeddable":true,"href":"https:\/\/reklaamivabrik.ee\/sv\/wp-json\/wp\/v2\/users\/1"}],"replies":[{"embeddable":true,"href":"https:\/\/reklaamivabrik.ee\/sv\/wp-json\/wp\/v2\/comments?post=1276"}],"version-history":[{"count":2,"href":"https:\/\/reklaamivabrik.ee\/sv\/wp-json\/wp\/v2\/pages\/1276\/revisions"}],"predecessor-version":[{"id":1809,"href":"https:\/\/reklaamivabrik.ee\/sv\/wp-json\/wp\/v2\/pages\/1276\/revisions\/1809"}],"wp:attachment":[{"href":"https:\/\/reklaamivabrik.ee\/sv\/wp-json\/wp\/v2\/media?parent=1276"}],"curies":[{"name":"wp","href":"https:\/\/api.w.org\/{rel}","templated":true}]}}