{"id":1288,"date":"2018-09-27T10:46:13","date_gmt":"2018-09-27T07:46:13","guid":{"rendered":"https:\/\/reklaamivabrik.ee\/teenused\/"},"modified":"2019-05-30T09:18:04","modified_gmt":"2019-05-30T06:18:04","slug":"tjanster","status":"publish","type":"page","link":"https:\/\/reklaamivabrik.ee\/sv\/tjanster\/","title":{"rendered":"Tj\u00e4nster"},"content":{"rendered":"<section class=\"l-section wpb_row height_medium ordering services-content\"><div class=\"l-section-h i-cf\"><div class=\"g-cols vc_row type_default valign_top\"><div class=\"vc_col-sm-12 wpb_column vc_column_container\"><div class=\"vc_column-inner\"><div class=\"wpb_wrapper\">\n\t<div class=\"wpb_text_column \">\n\t\t<div class=\"wpb_wrapper\">\n\t\t\t<h1 style=\"text-align: center;\">Tj\u00e4nster<\/h1>\n\n\t\t<\/div>\n\t<\/div>\n<div class=\"g-cols wpb_row type_default valign_top vc_inner \" id=\"teenused\"><div class=\"vc_col-sm-6 wpb_column vc_column_container\"><div class=\"vc_column-inner\"><div class=\"wpb_wrapper\"><div class=\"w-iconbox iconpos_left style_default color_primary icontype_img\"><div class=\"w-iconbox-icon\"><img decoding=\"async\" src=\"https:\/\/reklaamivabrik.ee\/wp-content\/uploads\/2018\/09\/kujundusto\u0308o\u0308d.svg\" alt=\"Design\"><\/div><div class=\"w-iconbox-meta\"><h2 class=\"w-iconbox-title\">Design<\/h2><div class=\"w-iconbox-text\">VI DESIGNAR UTIFR\u00c5N ERA BEHOV OCH GER ERA ID\u00c9ER EN GRAFISK FORM<br \/>\n* Utom- och inomhusreklam: Ljusreklam, utomhusreklam, skyltf\u00f6nster, 3D reklam, reklamtavlor<br \/>\n* Banderoller och rollups<br \/>\n* Plakat, posters, flygblad<br \/>\n* Dekor till allt fr\u00e5n syltburkar till bildekor<\/div><\/div><\/div><\/div><\/div><\/div><div class=\"vc_col-sm-6 wpb_column vc_column_container\"><div class=\"vc_column-inner\"><div class=\"wpb_wrapper\"><div class=\"w-iconbox iconpos_left style_default color_primary icontype_img\"><div class=\"w-iconbox-icon\"><img decoding=\"async\" src=\"https:\/\/reklaamivabrik.ee\/wp-content\/uploads\/2018\/09\/remondi.svg\" alt=\"Vi utf\u00f6r reparationer och underh\u00e5ll f\u00f6r befintlig reklam.\"><\/div><div class=\"w-iconbox-meta\"><h2 class=\"w-iconbox-title\">Vi utf\u00f6r reparationer och underh\u00e5ll f\u00f6r befintlig reklam.<\/h2><div class=\"w-iconbox-text\">De vanligaste uppdragen avser byte av belysningar och transformatorer f\u00f6r ljusreklam och f\u00f6rnyelse av frontytor. <\/div><\/div><\/div><\/div><\/div><\/div><\/div><div class=\"g-cols wpb_row type_default valign_top vc_inner \"><div class=\"vc_col-sm-6 wpb_column vc_column_container\"><div class=\"vc_column-inner\"><div class=\"wpb_wrapper\"><div class=\"w-iconbox iconpos_left style_default color_primary icontype_img\"><div class=\"w-iconbox-icon\"><img decoding=\"async\" src=\"https:\/\/reklaamivabrik.ee\/wp-content\/uploads\/2018\/09\/CNC.svg\" alt=\"CNC-fr\u00e4sning, b\u00e4nkfr\u00e4sens m\u00e5tt 2000x3000 mm\"><\/div><div class=\"w-iconbox-meta\"><h2 class=\"w-iconbox-title\">CNC-fr\u00e4sning, b\u00e4nkfr\u00e4sens m\u00e5tt 2000x3000 mm<\/h2><div class=\"w-iconbox-text\">Vi kan fr\u00e4sa olika plaster, aluminium, akrylglas och tr\u00e4.<\/div><\/div><\/div><\/div><\/div><\/div><div class=\"vc_col-sm-6 wpb_column vc_column_container\"><div class=\"vc_column-inner\"><div class=\"wpb_wrapper\"><\/div><\/div><\/div><\/div><\/div><\/div><\/div><\/div><\/div><\/section>\n","protected":false},"excerpt":{"rendered":"Tj\u00e4nster DesignVI DESIGNAR UTIFR\u00c5N ERA BEHOV OCH GER ERA ID\u00c9ER EN GRAFISK FORM * Utom- och inomhusreklam: Ljusreklam,...","protected":false},"author":1,"featured_media":0,"parent":0,"menu_order":0,"comment_status":"closed","ping_status":"closed","template":"","meta":{"footnotes":"","_links_to":"","_links_to_target":""},"class_list":["post-1288","page","type-page","status-publish","hentry"],"yoast_head":"<!-- This site is optimized with the Yoast SEO plugin v23.7 - https:\/\/yoast.com\/wordpress\/plugins\/seo\/ -->\n<title>Tj\u00e4nster - Reklaamivabrik<\/title>\n<meta name=\"robots\" content=\"index, follow, max-snippet:-1, max-image-preview:large, max-video-preview:-1\" \/>\n<link rel=\"canonical\" href=\"https:\/\/www.reklaamivabrik.ee\/sv\/tjanster\/\" \/>\n<meta property=\"og:locale\" content=\"sv_SE\" \/>\n<meta property=\"og:type\" content=\"article\" \/>\n<meta property=\"og:title\" content=\"Tj\u00e4nster - Reklaamivabrik\" \/>\n<meta property=\"og:url\" content=\"https:\/\/www.reklaamivabrik.ee\/sv\/tjanster\/\" \/>\n<meta property=\"og:site_name\" content=\"Reklaamivabrik\" \/>\n<meta property=\"article:modified_time\" content=\"2019-05-30T06:18:04+00:00\" \/>\n<meta name=\"twitter:card\" content=\"summary_large_image\" \/>\n<meta name=\"twitter:label1\" content=\"Ber\u00e4knad l\u00e4stid\" \/>\n\t<meta name=\"twitter:data1\" content=\"1 minut\" \/>\n<script type=\"application\/ld+json\" class=\"yoast-schema-graph\">{\"@context\":\"https:\/\/schema.org\",\"@graph\":[{\"@type\":\"WebPage\",\"@id\":\"https:\/\/www.reklaamivabrik.ee\/sv\/tjanster\/\",\"url\":\"https:\/\/www.reklaamivabrik.ee\/sv\/tjanster\/\",\"name\":\"Tj\u00e4nster - Reklaamivabrik\",\"isPartOf\":{\"@id\":\"https:\/\/www.reklaamivabrik.ee\/sv\/#website\"},\"datePublished\":\"2018-09-27T07:46:13+00:00\",\"dateModified\":\"2019-05-30T06:18:04+00:00\",\"breadcrumb\":{\"@id\":\"https:\/\/www.reklaamivabrik.ee\/sv\/tjanster\/#breadcrumb\"},\"inLanguage\":\"sv-SE\",\"potentialAction\":[{\"@type\":\"ReadAction\",\"target\":[\"https:\/\/www.reklaamivabrik.ee\/sv\/tjanster\/\"]}]},{\"@type\":\"BreadcrumbList\",\"@id\":\"https:\/\/www.reklaamivabrik.ee\/sv\/tjanster\/#breadcrumb\",\"itemListElement\":[{\"@type\":\"ListItem\",\"position\":1,\"name\":\"Home\",\"item\":\"https:\/\/www.reklaamivabrik.ee\/sv\/\"},{\"@type\":\"ListItem\",\"position\":2,\"name\":\"Tj\u00e4nster\"}]},{\"@type\":\"WebSite\",\"@id\":\"https:\/\/www.reklaamivabrik.ee\/sv\/#website\",\"url\":\"https:\/\/www.reklaamivabrik.ee\/sv\/\",\"name\":\"Reklaamivabrik\",\"description\":\"Leiame Teile sobiva lahenduse\",\"potentialAction\":[{\"@type\":\"SearchAction\",\"target\":{\"@type\":\"EntryPoint\",\"urlTemplate\":\"https:\/\/www.reklaamivabrik.ee\/sv\/?s={search_term_string}\"},\"query-input\":{\"@type\":\"PropertyValueSpecification\",\"valueRequired\":true,\"valueName\":\"search_term_string\"}}],\"inLanguage\":\"sv-SE\"}]}<\/script>\n<!-- \/ Yoast SEO plugin. -->","yoast_head_json":{"title":"Tj\u00e4nster - Reklaamivabrik","robots":{"index":"index","follow":"follow","max-snippet":"max-snippet:-1","max-image-preview":"max-image-preview:large","max-video-preview":"max-video-preview:-1"},"canonical":"https:\/\/www.reklaamivabrik.ee\/sv\/tjanster\/","og_locale":"sv_SE","og_type":"article","og_title":"Tj\u00e4nster - Reklaamivabrik","og_url":"https:\/\/www.reklaamivabrik.ee\/sv\/tjanster\/","og_site_name":"Reklaamivabrik","article_modified_time":"2019-05-30T06:18:04+00:00","twitter_card":"summary_large_image","twitter_misc":{"Ber\u00e4knad l\u00e4stid":"1 minut"},"schema":{"@context":"https:\/\/schema.org","@graph":[{"@type":"WebPage","@id":"https:\/\/www.reklaamivabrik.ee\/sv\/tjanster\/","url":"https:\/\/www.reklaamivabrik.ee\/sv\/tjanster\/","name":"Tj\u00e4nster - Reklaamivabrik","isPartOf":{"@id":"https:\/\/www.reklaamivabrik.ee\/sv\/#website"},"datePublished":"2018-09-27T07:46:13+00:00","dateModified":"2019-05-30T06:18:04+00:00","breadcrumb":{"@id":"https:\/\/www.reklaamivabrik.ee\/sv\/tjanster\/#breadcrumb"},"inLanguage":"sv-SE","potentialAction":[{"@type":"ReadAction","target":["https:\/\/www.reklaamivabrik.ee\/sv\/tjanster\/"]}]},{"@type":"BreadcrumbList","@id":"https:\/\/www.reklaamivabrik.ee\/sv\/tjanster\/#breadcrumb","itemListElement":[{"@type":"ListItem","position":1,"name":"Home","item":"https:\/\/www.reklaamivabrik.ee\/sv\/"},{"@type":"ListItem","position":2,"name":"Tj\u00e4nster"}]},{"@type":"WebSite","@id":"https:\/\/www.reklaamivabrik.ee\/sv\/#website","url":"https:\/\/www.reklaamivabrik.ee\/sv\/","name":"Reklaamivabrik","description":"Leiame Teile sobiva lahenduse","potentialAction":[{"@type":"SearchAction","target":{"@type":"EntryPoint","urlTemplate":"https:\/\/www.reklaamivabrik.ee\/sv\/?s={search_term_string}"},"query-input":{"@type":"PropertyValueSpecification","valueRequired":true,"valueName":"search_term_string"}}],"inLanguage":"sv-SE"}]}},"_links":{"self":[{"href":"https:\/\/reklaamivabrik.ee\/sv\/wp-json\/wp\/v2\/pages\/1288"}],"collection":[{"href":"https:\/\/reklaamivabrik.ee\/sv\/wp-json\/wp\/v2\/pages"}],"about":[{"href":"https:\/\/reklaamivabrik.ee\/sv\/wp-json\/wp\/v2\/types\/page"}],"author":[{"embeddable":true,"href":"https:\/\/reklaamivabrik.ee\/sv\/wp-json\/wp\/v2\/users\/1"}],"replies":[{"embeddable":true,"href":"https:\/\/reklaamivabrik.ee\/sv\/wp-json\/wp\/v2\/comments?post=1288"}],"version-history":[{"count":2,"href":"https:\/\/reklaamivabrik.ee\/sv\/wp-json\/wp\/v2\/pages\/1288\/revisions"}],"predecessor-version":[{"id":1387,"href":"https:\/\/reklaamivabrik.ee\/sv\/wp-json\/wp\/v2\/pages\/1288\/revisions\/1387"}],"wp:attachment":[{"href":"https:\/\/reklaamivabrik.ee\/sv\/wp-json\/wp\/v2\/media?parent=1288"}],"curies":[{"name":"wp","href":"https:\/\/api.w.org\/{rel}","templated":true}]}}