{"id":2349,"date":"2025-01-21T11:02:56","date_gmt":"2025-01-21T09:02:56","guid":{"rendered":"https:\/\/reklaamivabrik.ee\/?page_id=2349"},"modified":"2025-01-21T11:02:56","modified_gmt":"2025-01-21T09:02:56","slug":"cnc-frasning","status":"publish","type":"page","link":"https:\/\/reklaamivabrik.ee\/sv\/cnc-frasning\/","title":{"rendered":"CNC-fr\u00e4sning"},"content":{"rendered":"<section class=\"l-section wpb_row height_medium ordering services-content\"><div class=\"l-section-h i-cf\"><div class=\"g-cols vc_row type_default valign_top\"><div class=\"vc_col-sm-12 wpb_column vc_column_container\"><div class=\"vc_column-inner\"><div class=\"wpb_wrapper\">\n\t<div class=\"wpb_text_column \">\n\t\t<div class=\"wpb_wrapper\">\n\t\t\t<h1 style=\"text-align: center;\">CNC-fr\u00e4sning<\/h1>\n\n\t\t<\/div>\n\t<\/div>\n<\/div><\/div><\/div><\/div><\/div><\/section><section class=\"l-section wpb_row height_medium about-us\"><div class=\"l-section-h i-cf\"><div class=\"g-cols vc_row type_default valign_top\"><div class=\"vc_col-sm-12 wpb_column vc_column_container\"><div class=\"vc_column-inner\"><div class=\"wpb_wrapper\"><div class=\"g-cols wpb_row type_default valign_top vc_inner \"><div class=\"vc_col-sm-6 wpb_column vc_column_container image-text\"><div class=\"vc_column-inner\"><div class=\"wpb_wrapper\">\n\t<div class=\"wpb_text_column \">\n\t\t<div class=\"wpb_wrapper\">\n\t\t\t<p>Vi erbjuder CNC-fr\u00e4stj\u00e4nster som passar b\u00e5de mindre och st\u00f6rre projekt. Vi bearbetar olika material: tr\u00e4, plast och aluminium. Vi samarbetar med olika materiallager och kan vid behov hantera materialink\u00f6p och leverans.<\/p>\n<h3>Vad erbjuder vi?<\/h3>\n<ul>\n<li>CNC-fr\u00e4sning med en modern router-typ CNC-fr\u00e4smaskin. Arbetsomr\u00e5de: 4050\u00d72050 (vi fr\u00e4ser \u00e4ven l\u00e4ngre skivor som speciall\u00f6sning).<\/li>\n<li>Sm\u00e5skalig och serieproduktion anpassad efter dina behov.<\/li>\n<li>Montering: vi monterar dina detaljer vid behov.<\/li>\n<li>Svetsning: vi svetsar st\u00e5l och aluminium.<\/li>\n<li>Pulverlackering: enligt RAL-f\u00e4rgkartan.<\/li>\n<li>Konsultation: vi skapar ritningar enligt din vision.<\/li>\n<\/ul>\n<h3>Varf\u00f6r v\u00e4lja oss?<\/h3>\n<ul>\n<li>Noggrant och h\u00f6gkvalitativt utf\u00f6rande.<\/li>\n<li>Flexibla l\u00f6sningar f\u00f6r best\u00e4llningar i olika storlekar.<\/li>\n<li>P\u00e5litligt och punktligt arbete.<\/li>\n<\/ul>\n\n\t\t<\/div>\n\t<\/div>\n<\/div><\/div><\/div><div class=\"vc_col-sm-6 wpb_column vc_column_container image-about\"><div class=\"vc_column-inner\"><div class=\"wpb_wrapper\"><div class=\"w-image vc_custom_1737108541621\"><div class=\"w-image-h\"><a href=\"https:\/\/reklaamivabrik.ee\/wp-content\/uploads\/2025\/01\/CNC-frees.jpg\" ref=\"magnificPopup\"><img loading=\"lazy\" decoding=\"async\" width=\"1569\" height=\"977\" src=\"https:\/\/reklaamivabrik.ee\/wp-content\/uploads\/2025\/01\/CNC-frees.jpg\" class=\"attachment-full size-full\" alt=\"\" srcset=\"https:\/\/reklaamivabrik.ee\/wp-content\/uploads\/2025\/01\/CNC-frees.jpg 1569w, https:\/\/reklaamivabrik.ee\/wp-content\/uploads\/2025\/01\/CNC-frees-300x187.jpg 300w, https:\/\/reklaamivabrik.ee\/wp-content\/uploads\/2025\/01\/CNC-frees-1024x638.jpg 1024w, https:\/\/reklaamivabrik.ee\/wp-content\/uploads\/2025\/01\/CNC-frees-768x478.jpg 768w, https:\/\/reklaamivabrik.ee\/wp-content\/uploads\/2025\/01\/CNC-frees-1536x956.jpg 1536w, https:\/\/reklaamivabrik.ee\/wp-content\/uploads\/2025\/01\/CNC-frees-900x560.jpg 900w\" sizes=\"(max-width: 1569px) 100vw, 1569px\" \/><\/a><\/div><\/div><div class=\"w-separator type_default size_medium thick_1 style_solid color_custom cont_none\" style=\"border-color: #ffffff; color: #ffffff;\"><span class=\"w-separator-h\"><\/span><\/div>\n\t<div class=\"wpb_text_column \">\n\t\t<div class=\"wpb_wrapper\">\n\t\t\t<p style=\"text-align: center;\">\ud83d\udcde Be om en offert!<\/p>\n<p style=\"text-align: center;\">\ud83d\udce7 <a rel=\"noopener\">info@reklaamivabrik.ee<\/a> | \ud83d\udcde +372 603 43 80<\/p>\n<p style=\"text-align: center;\"><a href=\"https:\/\/www.reklaamivabrik.ee\/sv\/kontakt\/\">Kontakta oss<\/a> \u2013 tillsammans hittar vi den b\u00e4sta l\u00f6sningen!<\/p>\n\n\t\t<\/div>\n\t<\/div>\n<div class=\"w-separator type_default size_medium thick_1 style_solid color_custom cont_none\" style=\"border-color: #ffffff; color: #ffffff;\"><span class=\"w-separator-h\"><\/span><\/div><\/div><\/div><\/div><\/div><\/div><\/div><\/div><\/div><\/div><\/section>\n","protected":false},"excerpt":{"rendered":"CNC-fr\u00e4sning Vi erbjuder CNC-fr\u00e4stj\u00e4nster som passar b\u00e5de mindre och st\u00f6rre projekt. Vi bearbetar olika material: tr\u00e4, plast och...","protected":false},"author":1,"featured_media":0,"parent":0,"menu_order":0,"comment_status":"closed","ping_status":"closed","template":"","meta":{"footnotes":"","_links_to":"","_links_to_target":""},"class_list":["post-2349","page","type-page","status-publish","hentry"],"yoast_head":"<!-- This site is optimized with the Yoast SEO plugin v23.7 - https:\/\/yoast.com\/wordpress\/plugins\/seo\/ -->\n<title>CNC-fr\u00e4sning - Reklaamivabrik<\/title>\n<meta name=\"robots\" content=\"index, follow, max-snippet:-1, max-image-preview:large, max-video-preview:-1\" \/>\n<link rel=\"canonical\" href=\"https:\/\/reklaamivabrik.ee\/sv\/cnc-frasning\/\" \/>\n<meta property=\"og:locale\" content=\"sv_SE\" \/>\n<meta property=\"og:type\" content=\"article\" \/>\n<meta property=\"og:title\" content=\"CNC-fr\u00e4sning - Reklaamivabrik\" \/>\n<meta property=\"og:url\" content=\"https:\/\/reklaamivabrik.ee\/sv\/cnc-frasning\/\" \/>\n<meta property=\"og:site_name\" content=\"Reklaamivabrik\" \/>\n<meta name=\"twitter:card\" content=\"summary_large_image\" \/>\n<meta name=\"twitter:label1\" content=\"Ber\u00e4knad l\u00e4stid\" \/>\n\t<meta name=\"twitter:data1\" content=\"1 minut\" \/>\n<script type=\"application\/ld+json\" class=\"yoast-schema-graph\">{\"@context\":\"https:\/\/schema.org\",\"@graph\":[{\"@type\":\"WebPage\",\"@id\":\"https:\/\/reklaamivabrik.ee\/sv\/cnc-frasning\/\",\"url\":\"https:\/\/reklaamivabrik.ee\/sv\/cnc-frasning\/\",\"name\":\"CNC-fr\u00e4sning - Reklaamivabrik\",\"isPartOf\":{\"@id\":\"https:\/\/www.reklaamivabrik.ee\/#website\"},\"datePublished\":\"2025-01-21T09:02:56+00:00\",\"dateModified\":\"2025-01-21T09:02:56+00:00\",\"breadcrumb\":{\"@id\":\"https:\/\/reklaamivabrik.ee\/sv\/cnc-frasning\/#breadcrumb\"},\"inLanguage\":\"sv-SE\",\"potentialAction\":[{\"@type\":\"ReadAction\",\"target\":[\"https:\/\/reklaamivabrik.ee\/sv\/cnc-frasning\/\"]}]},{\"@type\":\"BreadcrumbList\",\"@id\":\"https:\/\/reklaamivabrik.ee\/sv\/cnc-frasning\/#breadcrumb\",\"itemListElement\":[{\"@type\":\"ListItem\",\"position\":1,\"name\":\"Home\",\"item\":\"https:\/\/www.reklaamivabrik.ee\/sv\/\"},{\"@type\":\"ListItem\",\"position\":2,\"name\":\"CNC-fr\u00e4sning\"}]},{\"@type\":\"WebSite\",\"@id\":\"https:\/\/www.reklaamivabrik.ee\/#website\",\"url\":\"https:\/\/www.reklaamivabrik.ee\/\",\"name\":\"Reklaamivabrik\",\"description\":\"Leiame Teile sobiva lahenduse\",\"potentialAction\":[{\"@type\":\"SearchAction\",\"target\":{\"@type\":\"EntryPoint\",\"urlTemplate\":\"https:\/\/www.reklaamivabrik.ee\/?s={search_term_string}\"},\"query-input\":{\"@type\":\"PropertyValueSpecification\",\"valueRequired\":true,\"valueName\":\"search_term_string\"}}],\"inLanguage\":\"sv-SE\"}]}<\/script>\n<!-- \/ Yoast SEO plugin. -->","yoast_head_json":{"title":"CNC-fr\u00e4sning - Reklaamivabrik","robots":{"index":"index","follow":"follow","max-snippet":"max-snippet:-1","max-image-preview":"max-image-preview:large","max-video-preview":"max-video-preview:-1"},"canonical":"https:\/\/reklaamivabrik.ee\/sv\/cnc-frasning\/","og_locale":"sv_SE","og_type":"article","og_title":"CNC-fr\u00e4sning - Reklaamivabrik","og_url":"https:\/\/reklaamivabrik.ee\/sv\/cnc-frasning\/","og_site_name":"Reklaamivabrik","twitter_card":"summary_large_image","twitter_misc":{"Ber\u00e4knad l\u00e4stid":"1 minut"},"schema":{"@context":"https:\/\/schema.org","@graph":[{"@type":"WebPage","@id":"https:\/\/reklaamivabrik.ee\/sv\/cnc-frasning\/","url":"https:\/\/reklaamivabrik.ee\/sv\/cnc-frasning\/","name":"CNC-fr\u00e4sning - Reklaamivabrik","isPartOf":{"@id":"https:\/\/www.reklaamivabrik.ee\/#website"},"datePublished":"2025-01-21T09:02:56+00:00","dateModified":"2025-01-21T09:02:56+00:00","breadcrumb":{"@id":"https:\/\/reklaamivabrik.ee\/sv\/cnc-frasning\/#breadcrumb"},"inLanguage":"sv-SE","potentialAction":[{"@type":"ReadAction","target":["https:\/\/reklaamivabrik.ee\/sv\/cnc-frasning\/"]}]},{"@type":"BreadcrumbList","@id":"https:\/\/reklaamivabrik.ee\/sv\/cnc-frasning\/#breadcrumb","itemListElement":[{"@type":"ListItem","position":1,"name":"Home","item":"https:\/\/www.reklaamivabrik.ee\/sv\/"},{"@type":"ListItem","position":2,"name":"CNC-fr\u00e4sning"}]},{"@type":"WebSite","@id":"https:\/\/www.reklaamivabrik.ee\/#website","url":"https:\/\/www.reklaamivabrik.ee\/","name":"Reklaamivabrik","description":"Leiame Teile sobiva lahenduse","potentialAction":[{"@type":"SearchAction","target":{"@type":"EntryPoint","urlTemplate":"https:\/\/www.reklaamivabrik.ee\/?s={search_term_string}"},"query-input":{"@type":"PropertyValueSpecification","valueRequired":true,"valueName":"search_term_string"}}],"inLanguage":"sv-SE"}]}},"_links":{"self":[{"href":"https:\/\/reklaamivabrik.ee\/sv\/wp-json\/wp\/v2\/pages\/2349"}],"collection":[{"href":"https:\/\/reklaamivabrik.ee\/sv\/wp-json\/wp\/v2\/pages"}],"about":[{"href":"https:\/\/reklaamivabrik.ee\/sv\/wp-json\/wp\/v2\/types\/page"}],"author":[{"embeddable":true,"href":"https:\/\/reklaamivabrik.ee\/sv\/wp-json\/wp\/v2\/users\/1"}],"replies":[{"embeddable":true,"href":"https:\/\/reklaamivabrik.ee\/sv\/wp-json\/wp\/v2\/comments?post=2349"}],"version-history":[{"count":2,"href":"https:\/\/reklaamivabrik.ee\/sv\/wp-json\/wp\/v2\/pages\/2349\/revisions"}],"predecessor-version":[{"id":2364,"href":"https:\/\/reklaamivabrik.ee\/sv\/wp-json\/wp\/v2\/pages\/2349\/revisions\/2364"}],"wp:attachment":[{"href":"https:\/\/reklaamivabrik.ee\/sv\/wp-json\/wp\/v2\/media?parent=2349"}],"curies":[{"name":"wp","href":"https:\/\/api.w.org\/{rel}","templated":true}]}}